{"id":72,"date":"2022-01-24T08:44:34","date_gmt":"2022-01-24T08:44:34","guid":{"rendered":"https:\/\/dr-frederic-roulant.chirurgiens-dentistes.fr\/?page_id=72"},"modified":"2022-05-10T07:43:57","modified_gmt":"2022-05-10T07:43:57","slug":"mentions-legales","status":"publish","type":"page","link":"https:\/\/dr-frederic-roulant.chirurgiens-dentistes.fr\/it\/mentions-legales\/","title":{"rendered":"MENTIONS L\u00c9GALES"},"content":{"rendered":"<h1>\n\t\t\tMENTIONS L\u00c9GALES\n\t\t<\/h1>\n\t<p>Vous pouvez \u00e9galement consulter nos <a href=\"https:\/\/dr-frederic-roulant.chirurgiens-dentistes.fr\/it\/mentions-legales-copy\/\">CGU<\/a> et notre <a href=\"https:\/\/dr-frederic-roulant.chirurgiens-dentistes.fr\/it\/mentions-legales-copy-copy\/\">Politique de confidentialit\u00e9<\/a>.<\/p>\n\t\t<h1>\n\t\t\tOBJET DU SITE\n\t\t<\/h1>\n\t\t\t<p>Ce site est con\u00e7u \u00e0 titre purement informatif et est destin\u00e9 \u00e0 tout type de public. Il a \u00e9t\u00e9 r\u00e9alis\u00e9 selon la charte ordinale de qualit\u00e9 relative aux sites Internet et ratifi\u00e9e par le praticien.Les informations fournies sur le pr\u00e9sent site sont destin\u00e9es \u00e0 am\u00e9liorer, non \u00e0 remplacer, la relation qui existe entre le patient (ou visiteur du site) et son chirurgien-dentiste. Ces informations permettent \u00e9galement de pr\u00e9senter le cabinet.Ce site est mis gratuitement \u00e0 la disposition des patients du Cabinet du Dr Roulant \u00e0 Nice afin de lui fournir des informations sur l&rsquo;esth\u00e9tique du sourire, l&rsquo;implantologie et greffe ainsi que les soins et traitements.<\/p>\t\t\n\t\t<h1>\n\t\t\t\u00c9DITEUR ET H\u00c9BERGEUR DU SITE\n\t\t<\/h1>\n\t\t\t<p>Editeur du Site : La soci\u00e9t\u00e9 Studio VacarmeH\u00e9bergement : OVH<\/p>\t\t\n\t\t<h1>\n\t\t\tPROPRI\u00c9T\u00c9 INTELLECTUELLE\n\t\t<\/h1>\n\t\t\t<p>L&rsquo;int\u00e9gralit\u00e9 du site se d\u00e9finit comme une base de donn\u00e9es au sens de la directive du 11 mars 1996 et de sa transposition en droit fran\u00e7ais dans la loi du 1er juillet 1998 (art. L.341-1 et suivants). \u00c0 ce titre, Webdentiste autorise exclusivement les usages et acc\u00e8s d\u00e9finis ci-dessous.Tous les textes reproduits sur le site sont la propri\u00e9t\u00e9 de leurs auteurs (personne physique ayant cr\u00e9\u00e9 des \u00e9l\u00e9ments pr\u00e9sents sur ce site, notamment auteurs des textes, graphistes, maquettistes et concepteurs de l&rsquo;arborescence). L&rsquo;usage de ceux-ci s&rsquo;effectue dans les conditions habituelles du droit d&rsquo;auteur tel que d\u00e9fini par le code de la propri\u00e9t\u00e9 intellectuelle fran\u00e7aise, et conforme \u00e0 la Convention de Berne et accords internationaux subs\u00e9quents.Toute reproduction, distribution, modification, retransmission ou publication de ces diff\u00e9rents \u00e9l\u00e9ments est strictement interdite sans l&rsquo;accord expr\u00e8s par \u00e9crit de la soci\u00e9t\u00e9 Webdentiste. Tout manquement aux r\u00e8gles du droit d&rsquo;auteur ou du droit des bases de donn\u00e9es est passible de sanctions p\u00e9nales au titre du d\u00e9lit de contrefa\u00e7on.Tous liens hypertextes pointant vers une page de notre site est libre, \u00e0 condition qu&rsquo;il s&rsquo;ouvre dans une nouvelle fen\u00eatre et soit pr\u00e9sent\u00e9e de mani\u00e8re non \u00e9quivoque afin d&rsquo;\u00e9viter :tout risque de confusion entre le site citant et notre site ;<br>ainsi que toute pr\u00e9sentation tendancieuse, ou contraire aux lois en vigueur.<\/p>\t\t\n\t\t<h1>\n\t\t\tCONFIDENTIALIT\u00c9\n\t\t<\/h1>\n\t\t\t<p>Le Titulaire du site est responsable du traitement des donn\u00e9es \u00e0 caract\u00e8re personnel (donn\u00e9es saisies dans les formulaires). Les informations personnelles concernant les visiteurs de notre site, y compris leur identit\u00e9, sont confidentielles. Le responsable du site s&rsquo;engage sur l&rsquo;honneur \u00e0 respecter les conditions l\u00e9gales de confidentialit\u00e9 applicables en France et \u00e0 ne pas divulguer ces informations \u00e0 des tiers. Le site Internet utilise un fichier local de session (\u00e9galement appel\u00e9 \u00ab cookie \u00bb, non conserv\u00e9 une fois que votre fen\u00eatre de navigateur est ferm\u00e9e) pour faciliter la navigation. Ce site utilise Google Analytics, un service d&rsquo;analyse de site internet fourni par Google Inc. (\u00ab Google \u00bb) uniquement dans le but d&rsquo;analyser le cheminement des utilisateurs. Google Analytics utilise des cookies. Plus d&rsquo;informations ici.L&rsquo;exercice du droit d&rsquo;acc\u00e8s et de rectification pr\u00e9vu par la loi peut \u00eatre exerc\u00e9 \u00e0 l&rsquo;adresse mentionn\u00e9e ci-dessus.<\/p>\t\t\n\t\t<h1>\n\t\t\tPUBLICIT\u00c9 ET FINANCEMENT\n\t\t<\/h1>\n\t\t\t<p>Ce site n&rsquo;accueille aucune forme de publicit\u00e9. Le site a \u00e9t\u00e9 financ\u00e9 par le praticien, sans qu&rsquo;aucun financement ext\u00e9rieur n&rsquo;intervienne. Les informations fournies ne constituent en aucune mani\u00e8re une forme de publicit\u00e9. Ce site ne constitue en aucun cas un d\u00e9marchage.Derni\u00e8re mise \u00e0 jour : 01\/01\/2022 14:45:13Le(s) praticien(s) du cabinet sont responsables du contenu de leur site Internet.<\/p>\t\t\n\t\t<h1>\n\t\t\tLIENS D&rsquo;INT\u00c9R\u00caT\n\t\t<\/h1>\n\t\t\t<p>L&rsquo;auteur n&rsquo;a pas transmis de liens d&rsquo;int\u00e9r\u00eats concernant les donn\u00e9es diffus\u00e9es ou publi\u00e9es sur ce site.<\/p>\t\t\n\t\t<h1>\n\t\t\tTITULAIRE ET RESPONSABLE DU SITE\n\t\t<\/h1>\n\t\t\t<p>Cabinet du Dr Fr\u00e9d\u00e9ric Roulant \u00e0 Nice <br>Le M\u00e9tropole C, 8 Bd Victor Hugo, 06000 Nice<\/p>","protected":false},"excerpt":{"rendered":"<p>MENTIONS L\u00c9GALES Vous pouvez \u00e9galement consulter nos CGU et notre Politique de confidentialit\u00e9. OBJET DU SITE Ce site est con\u00e7u \u00e0 titre purement informatif et est destin\u00e9 \u00e0 tout type de public. Il a \u00e9t\u00e9 r\u00e9alis\u00e9 selon la charte ordinale de qualit\u00e9 relative aux sites Internet et ratifi\u00e9e par le praticien.Les informations fournies sur le [&hellip;]<\/p>","protected":false},"author":1,"featured_media":0,"parent":0,"menu_order":0,"comment_status":"closed","ping_status":"closed","template":"","meta":{"inline_featured_image":false,"footnotes":""},"class_list":["post-72","page","type-page","status-publish","hentry"],"yoast_head":"<!-- This site is optimized with the Yoast SEO plugin v21.7 - https:\/\/yoast.com\/wordpress\/plugins\/seo\/ -->\n<title>Mentions L\u00e9gales | Dr Fr\u00e9d\u00e9ric Roulant<\/title>\n<meta name=\"robots\" content=\"index, follow, max-snippet:-1, max-image-preview:large, max-video-preview:-1\" \/>\n<link rel=\"canonical\" href=\"https:\/\/dr-frederic-roulant.chirurgiens-dentistes.fr\/it\/mentions-legales\/\" \/>\n<meta property=\"og:locale\" content=\"it_IT\" \/>\n<meta property=\"og:type\" content=\"article\" \/>\n<meta property=\"og:title\" content=\"Mentions L\u00e9gales | Dr Fr\u00e9d\u00e9ric Roulant\" \/>\n<meta property=\"og:description\" content=\"MENTIONS L\u00c9GALES Vous pouvez \u00e9galement consulter nos CGU et notre Politique de confidentialit\u00e9. OBJET DU SITE Ce site est con\u00e7u \u00e0 titre purement informatif et est destin\u00e9 \u00e0 tout type de public. Il a \u00e9t\u00e9 r\u00e9alis\u00e9 selon la charte ordinale de qualit\u00e9 relative aux sites Internet et ratifi\u00e9e par le praticien.Les informations fournies sur le [&hellip;]\" \/>\n<meta property=\"og:url\" content=\"https:\/\/dr-frederic-roulant.chirurgiens-dentistes.fr\/it\/mentions-legales\/\" \/>\n<meta property=\"og:site_name\" content=\"Dr Roulant\" \/>\n<meta property=\"article:modified_time\" content=\"2022-05-10T07:43:57+00:00\" \/>\n<meta name=\"twitter:card\" content=\"summary_large_image\" \/>\n<meta name=\"twitter:label1\" content=\"Tempo di lettura stimato\" \/>\n\t<meta name=\"twitter:data1\" content=\"3 minuti\" \/>\n<script type=\"application\/ld+json\" class=\"yoast-schema-graph\">{\"@context\":\"https:\/\/schema.org\",\"@graph\":[{\"@type\":\"WebPage\",\"@id\":\"https:\/\/dr-frederic-roulant.chirurgiens-dentistes.fr\/mentions-legales\/\",\"url\":\"https:\/\/dr-frederic-roulant.chirurgiens-dentistes.fr\/mentions-legales\/\",\"name\":\"Mentions L\u00e9gales | Dr Fr\u00e9d\u00e9ric Roulant\",\"isPartOf\":{\"@id\":\"https:\/\/dr-frederic-roulant.chirurgiens-dentistes.fr\/fr\/#website\"},\"datePublished\":\"2022-01-24T08:44:34+00:00\",\"dateModified\":\"2022-05-10T07:43:57+00:00\",\"breadcrumb\":{\"@id\":\"https:\/\/dr-frederic-roulant.chirurgiens-dentistes.fr\/mentions-legales\/#breadcrumb\"},\"inLanguage\":\"it-IT\",\"potentialAction\":[{\"@type\":\"ReadAction\",\"target\":[\"https:\/\/dr-frederic-roulant.chirurgiens-dentistes.fr\/mentions-legales\/\"]}]},{\"@type\":\"BreadcrumbList\",\"@id\":\"https:\/\/dr-frederic-roulant.chirurgiens-dentistes.fr\/mentions-legales\/#breadcrumb\",\"itemListElement\":[{\"@type\":\"ListItem\",\"position\":1,\"name\":\"Home\",\"item\":\"https:\/\/dr-frederic-roulant.chirurgiens-dentistes.fr\/fr\/\"},{\"@type\":\"ListItem\",\"position\":2,\"name\":\"MENTIONS L\u00c9GALES\"}]},{\"@type\":\"WebSite\",\"@id\":\"https:\/\/dr-frederic-roulant.chirurgiens-dentistes.fr\/fr\/#website\",\"url\":\"https:\/\/dr-frederic-roulant.chirurgiens-dentistes.fr\/fr\/\",\"name\":\"Dr Roulant\",\"description\":\"\",\"potentialAction\":[{\"@type\":\"SearchAction\",\"target\":{\"@type\":\"EntryPoint\",\"urlTemplate\":\"https:\/\/dr-frederic-roulant.chirurgiens-dentistes.fr\/fr\/?s={search_term_string}\"},\"query-input\":\"required name=search_term_string\"}],\"inLanguage\":\"it-IT\"}]}<\/script>\n<!-- \/ Yoast SEO plugin. -->","yoast_head_json":{"title":"Mentions L\u00e9gales | Dr Fr\u00e9d\u00e9ric Roulant","robots":{"index":"index","follow":"follow","max-snippet":"max-snippet:-1","max-image-preview":"max-image-preview:large","max-video-preview":"max-video-preview:-1"},"canonical":"https:\/\/dr-frederic-roulant.chirurgiens-dentistes.fr\/it\/mentions-legales\/","og_locale":"it_IT","og_type":"article","og_title":"Mentions L\u00e9gales | Dr Fr\u00e9d\u00e9ric Roulant","og_description":"MENTIONS L\u00c9GALES Vous pouvez \u00e9galement consulter nos CGU et notre Politique de confidentialit\u00e9. OBJET DU SITE Ce site est con\u00e7u \u00e0 titre purement informatif et est destin\u00e9 \u00e0 tout type de public. Il a \u00e9t\u00e9 r\u00e9alis\u00e9 selon la charte ordinale de qualit\u00e9 relative aux sites Internet et ratifi\u00e9e par le praticien.Les informations fournies sur le [&hellip;]","og_url":"https:\/\/dr-frederic-roulant.chirurgiens-dentistes.fr\/it\/mentions-legales\/","og_site_name":"Dr Roulant","article_modified_time":"2022-05-10T07:43:57+00:00","twitter_card":"summary_large_image","twitter_misc":{"Tempo di lettura stimato":"3 minuti"},"schema":{"@context":"https:\/\/schema.org","@graph":[{"@type":"WebPage","@id":"https:\/\/dr-frederic-roulant.chirurgiens-dentistes.fr\/mentions-legales\/","url":"https:\/\/dr-frederic-roulant.chirurgiens-dentistes.fr\/mentions-legales\/","name":"Mentions L\u00e9gales | Dr Fr\u00e9d\u00e9ric Roulant","isPartOf":{"@id":"https:\/\/dr-frederic-roulant.chirurgiens-dentistes.fr\/fr\/#website"},"datePublished":"2022-01-24T08:44:34+00:00","dateModified":"2022-05-10T07:43:57+00:00","breadcrumb":{"@id":"https:\/\/dr-frederic-roulant.chirurgiens-dentistes.fr\/mentions-legales\/#breadcrumb"},"inLanguage":"it-IT","potentialAction":[{"@type":"ReadAction","target":["https:\/\/dr-frederic-roulant.chirurgiens-dentistes.fr\/mentions-legales\/"]}]},{"@type":"BreadcrumbList","@id":"https:\/\/dr-frederic-roulant.chirurgiens-dentistes.fr\/mentions-legales\/#breadcrumb","itemListElement":[{"@type":"ListItem","position":1,"name":"Home","item":"https:\/\/dr-frederic-roulant.chirurgiens-dentistes.fr\/fr\/"},{"@type":"ListItem","position":2,"name":"MENTIONS L\u00c9GALES"}]},{"@type":"WebSite","@id":"https:\/\/dr-frederic-roulant.chirurgiens-dentistes.fr\/fr\/#website","url":"https:\/\/dr-frederic-roulant.chirurgiens-dentistes.fr\/fr\/","name":"Dr Roulant","description":"","potentialAction":[{"@type":"SearchAction","target":{"@type":"EntryPoint","urlTemplate":"https:\/\/dr-frederic-roulant.chirurgiens-dentistes.fr\/fr\/?s={search_term_string}"},"query-input":"required name=search_term_string"}],"inLanguage":"it-IT"}]}},"_links":{"self":[{"href":"https:\/\/dr-frederic-roulant.chirurgiens-dentistes.fr\/it\/wp-json\/wp\/v2\/pages\/72","targetHints":{"allow":["GET"]}}],"collection":[{"href":"https:\/\/dr-frederic-roulant.chirurgiens-dentistes.fr\/it\/wp-json\/wp\/v2\/pages"}],"about":[{"href":"https:\/\/dr-frederic-roulant.chirurgiens-dentistes.fr\/it\/wp-json\/wp\/v2\/types\/page"}],"author":[{"embeddable":true,"href":"https:\/\/dr-frederic-roulant.chirurgiens-dentistes.fr\/it\/wp-json\/wp\/v2\/users\/1"}],"replies":[{"embeddable":true,"href":"https:\/\/dr-frederic-roulant.chirurgiens-dentistes.fr\/it\/wp-json\/wp\/v2\/comments?post=72"}],"version-history":[{"count":24,"href":"https:\/\/dr-frederic-roulant.chirurgiens-dentistes.fr\/it\/wp-json\/wp\/v2\/pages\/72\/revisions"}],"predecessor-version":[{"id":493,"href":"https:\/\/dr-frederic-roulant.chirurgiens-dentistes.fr\/it\/wp-json\/wp\/v2\/pages\/72\/revisions\/493"}],"wp:attachment":[{"href":"https:\/\/dr-frederic-roulant.chirurgiens-dentistes.fr\/it\/wp-json\/wp\/v2\/media?parent=72"}],"curies":[{"name":"wp","href":"https:\/\/api.w.org\/{rel}","templated":true}]}}