{"id":31,"date":"2022-01-22T13:41:04","date_gmt":"2022-01-22T13:41:04","guid":{"rendered":"https:\/\/dr-frederic-roulant.chirurgiens-dentistes.fr\/?page_id=31"},"modified":"2025-06-27T08:24:42","modified_gmt":"2025-06-27T08:24:42","slug":"homepage","status":"publish","type":"page","link":"https:\/\/dr-frederic-roulant.chirurgiens-dentistes.fr\/it\/","title":{"rendered":"Homepage"},"content":{"rendered":"<h1>\n\t\t\tCABINET D&rsquo;EXCELLENCE EN R\u00c9HABILITATION ORALE\n\t\t\t\t\t\t\t\t\t\t\t\u00e0 Nice\n\t\t<\/h1>\n\t\t\t<p>Mon \u00e9quipe et moi-m\u00eame serons heureux de vous accueillir et de vous pr\u00e9senter le cabinet de chirurgie dentaire situ\u00e9 \u00e0 Nice.Notre activit\u00e9 est essentiellement tourn\u00e9e vers la r\u00e9habilitation orale globale \u00e0 vis\u00e9e esth\u00e9tique,<br \/>avec un fort pourcentage de reprise de traitement, ainsi que vers la parodontologie, la chirurgie<br \/>orale, l&rsquo;implantologie, l&rsquo;occlusodontologie et l&rsquo;ensemble des soins esth\u00e9tiques allant de<br \/>l&rsquo;\u00e9claircissement des simples reconstitutions aux facettes, inlay, onlay, overlay, coiffes c\u00e9ramiques et aux diff\u00e9rents bridges.La prise en charge du patient est globale et l&rsquo;ensemble des soins seront r\u00e9alis\u00e9s au sein du cabinet.Nous externalisons certaines s\u00e9ances d&rsquo;ost\u00e9opathie kin\u00e9siologie, hypnose, et bien sur les analyses sanguines et examens ou traitements particuliers ind\u00e9pendant directement des soins purement dentaires.Un rendez-vous de rencontre au bureau est syst\u00e9matique de fa\u00e7on \u00e0 vous conna\u00eetre et \u00e0 pouvoir retracer votre parcours m\u00e9dical et dentaire. Une attention singuli\u00e8re est donn\u00e9e \u00e0 chaque patient de fa\u00e7on \u00e0 pouvoir tenir compte de la personne tout enti\u00e8re et des particularit\u00e9s qui l&rsquo;entoure.Avant votre visite n&rsquo;h\u00e9sitez pas \u00e0 y r\u00e9fl\u00e9chir afin de me faire part de vos \u00e9ventuelles distinctions.En effet il me semble que les notions de pr\u00e9vention et de maintien du bien-\u00eatre sont complexes et vont au-del\u00e0 des soins curatifs.Il en est de m\u00eame dans l&rsquo;encadrement de votre accueil et du d\u00e9roulement de vos soins. Nous \u00e9tablissons une strat\u00e9gie de traitement qui vise \u00e0 maintenir votre confort avant pendant et apr\u00e8s les traitements.Sans tomber dans l&rsquo;anesth\u00e9sie syst\u00e9matique. Pour les plus pusillanimes nous savons tenir compte de leur crainte et d&rsquo;une pr\u00e9paration par hypnoses pour les s\u00e9ances \u00e0 venir.<\/p>\t\t\n\t\t\t\t<img loading=\"lazy\" decoding=\"async\" src=\"https:\/\/dr-frederic-roulant.chirurgiens-dentistes.fr\/wp-content\/uploads\/2022\/01\/Dentiste-Dr-Roulant-Nice.jpg\" alt=\"Cabinet du Dr Roulant, Chirurgien Dentiste \u00e0 Nice\" itemprop=\"image\" height=\"990\" width=\"1500\" title=\"Dentiste-Dr-Roulant-Nice\" onerror=\"this.style.display='none'\"  \/>\n\t<div id=\"metaslider-id-428\" style=\"max-width: 425px; margin: 0 auto;\" class=\"ml-slider-3-60-1 metaslider metaslider-flex metaslider-428 ml-slider image-slider ms-theme-default\" role=\"region\" aria-roledescription=\"Slideshow\" aria-label=\"New Slideshow\">\n    <div id=\"metaslider_container_428\">\n        <div id=\"metaslider_428\">\n            <ul aria-live=\"polite\" class=\"slides\">\n                <li style=\"display: block; width: 100%;\" class=\"slide-429 ms-image\" aria-roledescription=\"slide\" aria-label=\"slide-429\"><img loading=\"lazy\" decoding=\"async\" src=\"https:\/\/dr-frederic-roulant.chirurgiens-dentistes.fr\/wp-content\/uploads\/2022\/01\/Dentiste-SalleDattente-Nice-425x575.jpg\" height=\"575\" width=\"425\" alt=\"\" class=\"slider-428 slide-429\" title=\"Dentiste-SalleDattente-Nice\" \/><\/li>\n                <li style=\"display: none; width: 100%;\" class=\"slide-430 ms-image\" aria-roledescription=\"slide\" aria-label=\"slide-430\"><img loading=\"lazy\" decoding=\"async\" src=\"https:\/\/dr-frederic-roulant.chirurgiens-dentistes.fr\/wp-content\/uploads\/2022\/01\/Dentiste-Accueil-Nice-425x575.jpg\" height=\"575\" width=\"425\" alt=\"\" class=\"slider-428 slide-430\" title=\"Dentiste-Accueil-Nice\" \/><\/li>\n                <li style=\"display: none; width: 100%;\" class=\"slide-431 ms-image\" aria-roledescription=\"slide\" aria-label=\"slide-431\"><img loading=\"lazy\" decoding=\"async\" src=\"https:\/\/dr-frederic-roulant.chirurgiens-dentistes.fr\/wp-content\/uploads\/2022\/02\/Dentiste-Bureau-Nice-425x575.jpg\" height=\"575\" width=\"425\" alt=\"\" class=\"slider-428 slide-431\" title=\"Dentiste-Bureau-Nice\" \/><\/li>\n                <li style=\"display: none; width: 100%;\" class=\"slide-432 ms-image\" aria-roledescription=\"slide\" aria-label=\"slide-432\"><img loading=\"lazy\" decoding=\"async\" src=\"https:\/\/dr-frederic-roulant.chirurgiens-dentistes.fr\/wp-content\/uploads\/2022\/01\/Dentiste-Couloir-Nice-425x575.jpg\" height=\"575\" width=\"425\" alt=\"\" class=\"slider-428 slide-432\" title=\"Dentiste-Couloir-Nice\" \/><\/li>\n                <li style=\"display: none; width: 100%;\" class=\"slide-433 ms-image\" aria-roledescription=\"slide\" aria-label=\"slide-433\"><img loading=\"lazy\" decoding=\"async\" src=\"https:\/\/dr-frederic-roulant.chirurgiens-dentistes.fr\/wp-content\/uploads\/2022\/02\/Dentiste-Fauteuil-Nice-425x575.jpg\" height=\"575\" width=\"425\" alt=\"\" class=\"slider-428 slide-433\" title=\"Dentiste-Fauteuil-Nice\" \/><\/li>\n                <li style=\"display: none; width: 100%;\" class=\"slide-434 ms-image\" aria-roledescription=\"slide\" aria-label=\"slide-434\"><img loading=\"lazy\" decoding=\"async\" src=\"https:\/\/dr-frederic-roulant.chirurgiens-dentistes.fr\/wp-content\/uploads\/2022\/02\/Dentiste-Laboratoire-Nice-425x575.jpg\" height=\"575\" width=\"425\" alt=\"\" class=\"slider-428 slide-434\" title=\"Dentiste-Laboratoire-Nice\" \/><\/li>\n                <li style=\"display: none; width: 100%;\" class=\"slide-435 ms-image\" aria-roledescription=\"slide\" aria-label=\"slide-435\"><img loading=\"lazy\" decoding=\"async\" src=\"https:\/\/dr-frederic-roulant.chirurgiens-dentistes.fr\/wp-content\/uploads\/2022\/02\/Dentiste-Fauteuil-Ecran-Nice-425x575.jpg\" height=\"575\" width=\"425\" alt=\"\" class=\"slider-428 slide-435\" title=\"Dentiste-Fauteuil-Ecran-Nice\" \/><\/li>\n                <li style=\"display: none; width: 100%;\" class=\"slide-436 ms-image\" aria-roledescription=\"slide\" aria-label=\"slide-436\"><img loading=\"lazy\" decoding=\"async\" src=\"https:\/\/dr-frederic-roulant.chirurgiens-dentistes.fr\/wp-content\/uploads\/2022\/02\/Dentiste-Ste\u0301rilisation-Nice-425x575.jpg\" height=\"575\" width=\"425\" alt=\"\" class=\"slider-428 slide-436\" title=\"Dentiste-Ste\u0301rilisation-Nice\" \/><\/li>\n                <li style=\"display: none; width: 100%;\" class=\"slide-437 ms-image\" aria-roledescription=\"slide\" aria-label=\"slide-437\"><img loading=\"lazy\" decoding=\"async\" src=\"https:\/\/dr-frederic-roulant.chirurgiens-dentistes.fr\/wp-content\/uploads\/2022\/02\/Dentiste-Dr-Roulant-Nice-425x575.jpg\" height=\"575\" width=\"425\" alt=\"\" class=\"slider-428 slide-437\" title=\"Dentiste-Dr-Roulant-Nice\" \/><\/li>\n                <li style=\"display: none; width: 100%;\" class=\"slide-438 ms-image\" aria-roledescription=\"slide\" aria-label=\"slide-438\"><img loading=\"lazy\" decoding=\"async\" src=\"https:\/\/dr-frederic-roulant.chirurgiens-dentistes.fr\/wp-content\/uploads\/2022\/02\/Dentiste-Dr-Roulant-E\u0301cran-Nice-425x575.jpg\" height=\"575\" width=\"425\" alt=\"\" class=\"slider-428 slide-438\" title=\"Dentiste-Dr-Roulant-E\u0301cran-Nice\" \/><\/li>\n                <li style=\"display: none; width: 100%;\" class=\"slide-439 ms-image\" aria-roledescription=\"slide\" aria-label=\"slide-439\"><img loading=\"lazy\" decoding=\"async\" src=\"https:\/\/dr-frederic-roulant.chirurgiens-dentistes.fr\/wp-content\/uploads\/2022\/02\/Dentiste-Dr-Roulant-Chirurgie-Nice-425x575.jpg\" height=\"575\" width=\"425\" alt=\"\" class=\"slider-428 slide-439\" title=\"Dentiste-Dr-Roulant-Chirurgie-Nice\" \/><\/li>\n                <li style=\"display: none; width: 100%;\" class=\"slide-440 ms-image\" aria-roledescription=\"slide\" aria-label=\"slide-440\"><img loading=\"lazy\" decoding=\"async\" src=\"https:\/\/dr-frederic-roulant.chirurgiens-dentistes.fr\/wp-content\/uploads\/2022\/02\/Dentiste-Dr-Roulant-Assistante-Nice-425x575.jpg\" height=\"575\" width=\"425\" alt=\"\" class=\"slider-428 slide-440\" title=\"Dentiste-Dr-Roulant-Assistante-Nice\" \/><\/li>\n                <li style=\"display: none; width: 100%;\" class=\"slide-441 ms-image\" aria-roledescription=\"slide\" aria-label=\"slide-441\"><img loading=\"lazy\" decoding=\"async\" src=\"https:\/\/dr-frederic-roulant.chirurgiens-dentistes.fr\/wp-content\/uploads\/2022\/02\/Dentiste-DAC-Universal-Nice-425x575.jpg\" height=\"575\" width=\"425\" alt=\"\" class=\"slider-428 slide-441\" title=\"Dentiste-DAC-Universal-Nice\" \/><\/li>\n                <li style=\"display: none; width: 100%;\" class=\"slide-442 ms-image\" aria-roledescription=\"slide\" aria-label=\"slide-442\"><img loading=\"lazy\" decoding=\"async\" src=\"https:\/\/dr-frederic-roulant.chirurgiens-dentistes.fr\/wp-content\/uploads\/2022\/02\/Dentiste-Radio-Nice-425x575.jpg\" height=\"575\" width=\"425\" alt=\"\" class=\"slider-428 slide-442\" title=\"Dentiste-Radio-Nice\" \/><\/li>\n                <li style=\"display: none; width: 100%;\" class=\"slide-443 ms-image\" aria-roledescription=\"slide\" aria-label=\"slide-443\"><img loading=\"lazy\" decoding=\"async\" src=\"https:\/\/dr-frederic-roulant.chirurgiens-dentistes.fr\/wp-content\/uploads\/2022\/02\/Dentiste-Radio-Parodontie-Nice-425x575.jpg\" height=\"575\" width=\"425\" alt=\"\" class=\"slider-428 slide-443\" title=\"Dentiste-Radio-Parodontie-Nice\" \/><\/li>\n                <li style=\"display: none; width: 100%;\" class=\"slide-444 ms-image\" aria-roledescription=\"slide\" aria-label=\"slide-444\"><img loading=\"lazy\" decoding=\"async\" src=\"https:\/\/dr-frederic-roulant.chirurgiens-dentistes.fr\/wp-content\/uploads\/2022\/02\/Dentiste-Panoramique-Dentaire-Nice-425x575.jpg\" height=\"575\" width=\"425\" alt=\"\" class=\"slider-428 slide-444\" title=\"Dentiste-Panoramique-Dentaire-Nice\" \/><\/li>\n                <li style=\"display: none; width: 100%;\" class=\"slide-445 ms-image\" aria-roledescription=\"slide\" aria-label=\"slide-445\"><img loading=\"lazy\" decoding=\"async\" src=\"https:\/\/dr-frederic-roulant.chirurgiens-dentistes.fr\/wp-content\/uploads\/2022\/02\/Dentiste-Acceuil-Patient-Nice-425x575.jpg\" height=\"575\" width=\"425\" alt=\"\" class=\"slider-428 slide-445\" title=\"Dentiste-Acceuil-Patient-Nice\" \/><\/li>\n                <li style=\"display: none; width: 100%;\" class=\"slide-446 ms-image\" aria-roledescription=\"slide\" aria-label=\"slide-446\"><img loading=\"lazy\" decoding=\"async\" src=\"https:\/\/dr-frederic-roulant.chirurgiens-dentistes.fr\/wp-content\/uploads\/2022\/02\/Dentiste-Team-Dr-Roulant-Nice-425x575.jpg\" height=\"575\" width=\"425\" alt=\"\" class=\"slider-428 slide-446\" title=\"Dentiste-Team-Dr-Roulant-Nice\" \/><\/li>\n                <li style=\"display: none; width: 100%;\" class=\"slide-447 ms-image\" aria-roledescription=\"slide\" aria-label=\"slide-447\"><img loading=\"lazy\" decoding=\"async\" src=\"https:\/\/dr-frederic-roulant.chirurgiens-dentistes.fr\/wp-content\/uploads\/2022\/02\/Dentiste-Cabinet-Victor-Hugo-Nice-425x575.jpg\" height=\"575\" width=\"425\" alt=\"\" class=\"slider-428 slide-447\" title=\"Dentiste-Cabinet-Victor-Hugo-Nice\" \/><\/li>\n            <\/ul>\n        <\/div>\n        \n    <\/div>\n<\/div>\n\t\t<h1>\n\t\t\tEXAMENS\n\t\t\t\t\t\t\t\t\t\t\tDes technologies de pointe\n\t\t<\/h1>\n\t\t\t<p>Panoramique DentaireRadiologie Num\u00e9riqueScanner Dentaire (Type Cone Beam)Enregistrement d&#8217;empreinte scannerAnalyse des fichiers STL et DICOMGuides chirurgicaux implantairesThermoformage de goutti\u00e8resLaboratoire de proth\u00e8se in-situProc\u00e9d\u00e9 pour PRFCharte parodontale<\/p>\t\t\n\t\t\t\t<img loading=\"lazy\" decoding=\"async\" src=\"https:\/\/dr-frederic-roulant.chirurgiens-dentistes.fr\/wp-content\/uploads\/2022\/01\/Dentiste-Panoramique-Dentaire-Nice.jpg\" alt=\"Dentiste-Panoramique-Dentaire-Nice\" itemprop=\"image\" height=\"2027\" width=\"1500\" title=\"Dentiste-Panoramique-Dentaire-Nice\" onerror=\"this.style.display='none'\"  \/>\n\t\t<h1>\n\t\t\tCHIRURGIEN DENTISTE\n\t\t\t\t\t\t\t\t\t\t\t\u00e0 Nice\n\t\t<\/h1>\n\t\t\t<p>Docteur Fr\u00e9d\u00e9ric Roulant est dipl\u00f4m\u00e9 d&rsquo;un Monitorat de parodontologie et chirurgie CHU Nice de la FAC de Nice Sophia Antipolis.Il a ensuite compl\u00e9t\u00e9 sa formation en obtenant un Dipl\u00f4me universitaire d&rsquo;Implantologie orale et de proth\u00e8se sur implant, \u00e9galement un D.U.D Occlusodontologie qu&rsquo;il a poursuivi avec un dipl\u00f4me de l&rsquo;institut canadien en implantologie.Responsable organisation ateliers au JDN, il d\u00e9tient une attestation de radiologie 2D3D et une attestation aux gestes et soins d&rsquo;urgence.Il a r\u00e9alis\u00e9 de nombreuses formations compl\u00e9mentaires en kin\u00e9siologie, dentisterie restauratrice, endodontie, dentisterie esth\u00e9tique, parodontologie, dentisterie num\u00e9rique (CAO \/ CFAO).<\/p>\t\t\n\t\t\t\t<img loading=\"lazy\" decoding=\"async\" src=\"https:\/\/dr-frederic-roulant.chirurgiens-dentistes.fr\/wp-content\/uploads\/2022\/02\/Chirurgien-Dentiste-Dr-Fre\u0301de\u0301ric-Roulant-Nice-1.jpg\" alt=\"Fr\u00e9d\u00e9ric Roulant, Cabinet du Dr Roulant, Chirurgien Dentiste \u00e0 Nice\" itemprop=\"image\" height=\"1895\" width=\"1500\" title=\"Chirurgien-Dentiste-Dr-Fre\u0301de\u0301ric-Roulant-Nice-1\" onerror=\"this.style.display='none'\"  \/>\n\t\t<h1>\n\t\t\tDOTTOR FR\u00c9D\u00c9RIC ROULANT\n\t\t<\/h1>\n\t\t<h2>\n\t\t\tChirurgo dentale\n\t\t<\/h2>\n\t\t<h1>\n\t\t\tHYGI\u00c8NE ET ASEPSIE\n\t\t\t\t\t\t\t\t\t\t\tDes r\u00e8gles exigeantes\n\t\t<\/h1>\n\t\t\t<p>Nous exer\u00e7ons des r\u00e8gles strictes de pr\u00e9servation de l&rsquo;hygi\u00e8ne et de l&rsquo;asepsie, pour le bien-\u00eatre des patients, de l&rsquo;\u00e9quipe m\u00e9dicale et de l&rsquo;environnement.Pour la protection de tous, les \u00e9quipements et mat\u00e9riels sont syst\u00e9matiquement nettoy\u00e9s, d\u00e9sinfect\u00e9s et st\u00e9rilis\u00e9s. Le personnel est \u00e9galement tr\u00e8s attentif au respect de l&rsquo;environnement dans ces proc\u00e9dures quotidiennes.<\/p>\t\t\n\t\t\t\t<img loading=\"lazy\" decoding=\"async\" src=\"https:\/\/dr-frederic-roulant.chirurgiens-dentistes.fr\/wp-content\/uploads\/2025\/06\/Capture-decran-2025-06-27-a-10.16.35.png\" alt=\"Fatima Kochieva, Cabinet du Docteur Fr\u00e9d\u00e9ric Roulant Chirurgien Dentiste\" itemprop=\"image\" height=\"1062\" width=\"864\" title=\"Capture d'e\u0301cran 2025-06-27 a\u0300 10.16.35\" onerror=\"this.style.display='none'\"  \/>\n\t\t<h1>\n\t\t\tFATIMA KOCHIEVA\n\t\t\t\t\t\t\t\t\t\t\tAssistante dentaire qualifi\u00e9e\n\t\t<\/h1>\n\t\t\t\t<img loading=\"lazy\" decoding=\"async\" src=\"https:\/\/dr-frederic-roulant.chirurgiens-dentistes.fr\/wp-content\/uploads\/2022\/02\/Assistante-02-Dr-Fre\u0301de\u0301ric-Roulant-Nice.jpg\" alt=\"Sandra Bensimon, Cabinet du Docteur Fr\u00e9d\u00e9ric Roulant Chirurgien Dentiste\" itemprop=\"image\" height=\"948\" width=\"751\" title=\"Assistante-02-Dr-Fre\u0301de\u0301ric-Roulant-Nice\" onerror=\"this.style.display='none'\"  \/>\n\t\t<h1>\n\t\t\tSANDRA BENSIMON\n\t\t\t\t\t\t\t\t\t\t\tSecr\u00e9taire m\u00e9dicale\n\t\t<\/h1>\n\t\t\t\t<img loading=\"lazy\" decoding=\"async\" src=\"https:\/\/dr-frederic-roulant.chirurgiens-dentistes.fr\/wp-content\/uploads\/2022\/01\/Dentiste-Dr-Roulant-Nice.jpg\" alt=\"Cabinet du Dr Roulant, Chirurgien Dentiste \u00e0 Nice\" itemprop=\"image\" height=\"990\" width=\"1500\" title=\"Dentiste-Dr-Roulant-Nice\" onerror=\"this.style.display='none'\"  \/>\n\t\t\n\t\t\t<p><strong>8 Boulevard Victor Hugo,<\/strong><strong>Le M\u00e9tropole<\/strong><strong>06000 Nice<\/strong><\/p>\t\t\n\t\t<h5>\n\t\t\tOrari di apertura\n\t\t<\/h5>\n\t\t\t<p><strong>Da luned\u00ec a venerd\u00ec<\/strong><strong>9.00-19.00<\/strong><\/p>\t\t\n\t\t<h5>\n\t\t\tPRENDERE UN APPUNTAMENTO\n\t\t<\/h5>\n\t\t\t<p><strong>Preferibilmente per telefono o online<\/strong><\/p>\t\t\n\t\t\t<a href=\"tel:0493877151\" target=\"_self\">\n\t\t\t\t\t\t\t04 93 87 71 51\n\t\t\t\t\t<\/a>\n\t\t\t<a href=\"https:\/\/www.doctolib.fr\/dentiste\/nice\/frederic-roulant\" target=\"_blank\" rel=\"noopener\">\n\t\t\t\t\t\t\tOnline\n\t\t\t\t\t<\/a>\n\t\t\t\t<img loading=\"lazy\" decoding=\"async\" src=\"https:\/\/dr-frederic-roulant.chirurgiens-dentistes.fr\/wp-content\/uploads\/2022\/02\/transport.svg\" alt=\"transport\" itemprop=\"image\" height=\"48\" width=\"48\" title=\"transport\" onerror=\"this.style.display='none'\"  \/>\n\t\t\n\t\t\t<p>Trasporto<br \/><strong>Tram : Linea 2 uscita Victor Hugo<\/strong><br \/><strong>Autobus: N\u00b08 e 12 fermata Victor Hugo<\/strong><br \/><strong>Auto : Parcheggio Nice Etoile o Lonchamps<\/strong><br \/><strong>Treno: Stazione di Nizza <\/strong><br \/><strong>(10 min a piedi)<\/strong><\/p>\t\t\n\t\t\t\t<img loading=\"lazy\" decoding=\"async\" src=\"https:\/\/dr-frederic-roulant.chirurgiens-dentistes.fr\/wp-content\/uploads\/2022\/01\/commerces.svg\" alt=\"commerces\" itemprop=\"image\" height=\"48\" width=\"48\" title=\"commerces\" onerror=\"this.style.display='none'\"  \/>\n\t\t\n\t\t\t<p>Negozi<br \/><strong>\u00c0 proximit\u00e9 de Nice \u00c9toile, des Galeries Lafayette, de la zone pi\u00e9tonne de Nice et le Carr\u00e9 d&rsquo;or<\/strong><\/p>\t\t\n\t\t\t\t<img loading=\"lazy\" decoding=\"async\" src=\"https:\/\/dr-frederic-roulant.chirurgiens-dentistes.fr\/wp-content\/uploads\/2022\/01\/visite.svg\" alt=\"visite\" itemprop=\"image\" height=\"48\" width=\"48\" title=\"visite\" onerror=\"this.style.display='none'\"  \/>\n\t\t\n\t\t\t<p>Preparate la vostra visita<br \/><strong>Portare: tessera sanitaria e maschera anti-covidi<\/strong><\/p>\t\t\n\t\t\t<a href=\"https:\/\/goo.gl\/maps\/AY3AXAciignxhFwm6\" target=\"_blank\" rel=\"noopener\">\n\t\t\t\t\t\t\tGoogle map\n\t\t\t<\/a>","protected":false},"excerpt":{"rendered":"<p>CABINET D&rsquo;EXCELLENCE EN R\u00c9HABILITATION ORALE \u00e0 Nice Mon \u00e9quipe et moi-m\u00eame serons heureux de vous accueillir et de vous pr\u00e9senter le cabinet de chirurgie dentaire situ\u00e9 \u00e0 Nice.Notre activit\u00e9 est essentiellement tourn\u00e9e vers la r\u00e9habilitation orale globale \u00e0 vis\u00e9e esth\u00e9tique,avec un fort pourcentage de reprise de traitement, ainsi que vers la parodontologie, la chirurgieorale, l&rsquo;implantologie, [&hellip;]<\/p>","protected":false},"author":1,"featured_media":0,"parent":0,"menu_order":0,"comment_status":"closed","ping_status":"closed","template":"","meta":{"inline_featured_image":false,"footnotes":""},"class_list":["post-31","page","type-page","status-publish","hentry"],"yoast_head":"<!-- This site is optimized with the Yoast SEO plugin v21.7 - https:\/\/yoast.com\/wordpress\/plugins\/seo\/ -->\n<title>Dr Fr\u00e9d\u00e9ric ROULANT | Chirurgien-dentiste &amp; cabinet dentaire \u00e0 Nice<\/title>\n<meta name=\"description\" content=\"D\u00e9couvrez le cabinet dentaire du chirurgien dentiste Fr\u00e9d\u00e9ric ROULANT \u00e0 Nice, l&#039;\u00e9quipe du cabinet et ses comp\u00e9tences.\" \/>\n<meta name=\"robots\" content=\"index, follow, max-snippet:-1, max-image-preview:large, max-video-preview:-1\" \/>\n<link rel=\"canonical\" href=\"https:\/\/dr-frederic-roulant.chirurgiens-dentistes.fr\/it\/\" \/>\n<meta property=\"og:locale\" content=\"it_IT\" \/>\n<meta property=\"og:type\" content=\"article\" \/>\n<meta property=\"og:title\" content=\"Dr Fr\u00e9d\u00e9ric ROULANT | Chirurgien-dentiste &amp; cabinet dentaire \u00e0 Nice\" \/>\n<meta property=\"og:description\" content=\"D\u00e9couvrez le cabinet dentaire du chirurgien dentiste Fr\u00e9d\u00e9ric ROULANT \u00e0 Nice, l&#039;\u00e9quipe du cabinet et ses comp\u00e9tences.\" \/>\n<meta property=\"og:url\" content=\"https:\/\/dr-frederic-roulant.chirurgiens-dentistes.fr\/it\/\" \/>\n<meta property=\"og:site_name\" content=\"Dr Roulant\" \/>\n<meta property=\"article:modified_time\" content=\"2025-06-27T08:24:42+00:00\" \/>\n<meta property=\"og:image\" content=\"https:\/\/dr-frederic-roulant.chirurgiens-dentistes.fr\/wp-content\/uploads\/2022\/01\/Dentiste-Dr-Roulant-Nice.jpg\" \/>\n<meta name=\"twitter:card\" content=\"summary_large_image\" \/>\n<meta name=\"twitter:label1\" content=\"Tempo di lettura stimato\" \/>\n\t<meta name=\"twitter:data1\" content=\"5 minuti\" \/>\n<script type=\"application\/ld+json\" class=\"yoast-schema-graph\">{\"@context\":\"https:\/\/schema.org\",\"@graph\":[{\"@type\":\"WebPage\",\"@id\":\"https:\/\/dr-frederic-roulant.chirurgiens-dentistes.fr\/fr\/\",\"url\":\"https:\/\/dr-frederic-roulant.chirurgiens-dentistes.fr\/fr\/\",\"name\":\"Dr Fr\u00e9d\u00e9ric ROULANT | Chirurgien-dentiste & cabinet dentaire \u00e0 Nice\",\"isPartOf\":{\"@id\":\"https:\/\/dr-frederic-roulant.chirurgiens-dentistes.fr\/fr\/#website\"},\"datePublished\":\"2022-01-22T13:41:04+00:00\",\"dateModified\":\"2025-06-27T08:24:42+00:00\",\"description\":\"D\u00e9couvrez le cabinet dentaire du chirurgien dentiste Fr\u00e9d\u00e9ric ROULANT \u00e0 Nice, l'\u00e9quipe du cabinet et ses comp\u00e9tences.\",\"breadcrumb\":{\"@id\":\"https:\/\/dr-frederic-roulant.chirurgiens-dentistes.fr\/fr\/#breadcrumb\"},\"inLanguage\":\"it-IT\",\"potentialAction\":[{\"@type\":\"ReadAction\",\"target\":[\"https:\/\/dr-frederic-roulant.chirurgiens-dentistes.fr\/fr\/\"]}]},{\"@type\":\"BreadcrumbList\",\"@id\":\"https:\/\/dr-frederic-roulant.chirurgiens-dentistes.fr\/fr\/#breadcrumb\",\"itemListElement\":[{\"@type\":\"ListItem\",\"position\":1,\"name\":\"Home\",\"item\":\"https:\/\/dr-frederic-roulant.chirurgiens-dentistes.fr\/fr\/\"},{\"@type\":\"ListItem\",\"position\":2,\"name\":\"Homepage\"}]},{\"@type\":\"WebSite\",\"@id\":\"https:\/\/dr-frederic-roulant.chirurgiens-dentistes.fr\/fr\/#website\",\"url\":\"https:\/\/dr-frederic-roulant.chirurgiens-dentistes.fr\/fr\/\",\"name\":\"Dr Roulant\",\"description\":\"\",\"potentialAction\":[{\"@type\":\"SearchAction\",\"target\":{\"@type\":\"EntryPoint\",\"urlTemplate\":\"https:\/\/dr-frederic-roulant.chirurgiens-dentistes.fr\/fr\/?s={search_term_string}\"},\"query-input\":\"required name=search_term_string\"}],\"inLanguage\":\"it-IT\"}]}<\/script>\n<!-- \/ Yoast SEO plugin. -->","yoast_head_json":{"title":"Dr Fr\u00e9d\u00e9ric ROULANT | Chirurgien-dentiste & cabinet dentaire \u00e0 Nice","description":"D\u00e9couvrez le cabinet dentaire du chirurgien dentiste Fr\u00e9d\u00e9ric ROULANT \u00e0 Nice, l'\u00e9quipe du cabinet et ses comp\u00e9tences.","robots":{"index":"index","follow":"follow","max-snippet":"max-snippet:-1","max-image-preview":"max-image-preview:large","max-video-preview":"max-video-preview:-1"},"canonical":"https:\/\/dr-frederic-roulant.chirurgiens-dentistes.fr\/it\/","og_locale":"it_IT","og_type":"article","og_title":"Dr Fr\u00e9d\u00e9ric ROULANT | Chirurgien-dentiste & cabinet dentaire \u00e0 Nice","og_description":"D\u00e9couvrez le cabinet dentaire du chirurgien dentiste Fr\u00e9d\u00e9ric ROULANT \u00e0 Nice, l'\u00e9quipe du cabinet et ses comp\u00e9tences.","og_url":"https:\/\/dr-frederic-roulant.chirurgiens-dentistes.fr\/it\/","og_site_name":"Dr Roulant","article_modified_time":"2025-06-27T08:24:42+00:00","og_image":[{"url":"https:\/\/dr-frederic-roulant.chirurgiens-dentistes.fr\/wp-content\/uploads\/2022\/01\/Dentiste-Dr-Roulant-Nice.jpg"}],"twitter_card":"summary_large_image","twitter_misc":{"Tempo di lettura stimato":"5 minuti"},"schema":{"@context":"https:\/\/schema.org","@graph":[{"@type":"WebPage","@id":"https:\/\/dr-frederic-roulant.chirurgiens-dentistes.fr\/fr\/","url":"https:\/\/dr-frederic-roulant.chirurgiens-dentistes.fr\/fr\/","name":"Dr Fr\u00e9d\u00e9ric ROULANT | Chirurgien-dentiste & cabinet dentaire \u00e0 Nice","isPartOf":{"@id":"https:\/\/dr-frederic-roulant.chirurgiens-dentistes.fr\/fr\/#website"},"datePublished":"2022-01-22T13:41:04+00:00","dateModified":"2025-06-27T08:24:42+00:00","description":"D\u00e9couvrez le cabinet dentaire du chirurgien dentiste Fr\u00e9d\u00e9ric ROULANT \u00e0 Nice, l'\u00e9quipe du cabinet et ses comp\u00e9tences.","breadcrumb":{"@id":"https:\/\/dr-frederic-roulant.chirurgiens-dentistes.fr\/fr\/#breadcrumb"},"inLanguage":"it-IT","potentialAction":[{"@type":"ReadAction","target":["https:\/\/dr-frederic-roulant.chirurgiens-dentistes.fr\/fr\/"]}]},{"@type":"BreadcrumbList","@id":"https:\/\/dr-frederic-roulant.chirurgiens-dentistes.fr\/fr\/#breadcrumb","itemListElement":[{"@type":"ListItem","position":1,"name":"Home","item":"https:\/\/dr-frederic-roulant.chirurgiens-dentistes.fr\/fr\/"},{"@type":"ListItem","position":2,"name":"Homepage"}]},{"@type":"WebSite","@id":"https:\/\/dr-frederic-roulant.chirurgiens-dentistes.fr\/fr\/#website","url":"https:\/\/dr-frederic-roulant.chirurgiens-dentistes.fr\/fr\/","name":"Dr Roulant","description":"","potentialAction":[{"@type":"SearchAction","target":{"@type":"EntryPoint","urlTemplate":"https:\/\/dr-frederic-roulant.chirurgiens-dentistes.fr\/fr\/?s={search_term_string}"},"query-input":"required name=search_term_string"}],"inLanguage":"it-IT"}]}},"_links":{"self":[{"href":"https:\/\/dr-frederic-roulant.chirurgiens-dentistes.fr\/it\/wp-json\/wp\/v2\/pages\/31","targetHints":{"allow":["GET"]}}],"collection":[{"href":"https:\/\/dr-frederic-roulant.chirurgiens-dentistes.fr\/it\/wp-json\/wp\/v2\/pages"}],"about":[{"href":"https:\/\/dr-frederic-roulant.chirurgiens-dentistes.fr\/it\/wp-json\/wp\/v2\/types\/page"}],"author":[{"embeddable":true,"href":"https:\/\/dr-frederic-roulant.chirurgiens-dentistes.fr\/it\/wp-json\/wp\/v2\/users\/1"}],"replies":[{"embeddable":true,"href":"https:\/\/dr-frederic-roulant.chirurgiens-dentistes.fr\/it\/wp-json\/wp\/v2\/comments?post=31"}],"version-history":[{"count":110,"href":"https:\/\/dr-frederic-roulant.chirurgiens-dentistes.fr\/it\/wp-json\/wp\/v2\/pages\/31\/revisions"}],"predecessor-version":[{"id":524,"href":"https:\/\/dr-frederic-roulant.chirurgiens-dentistes.fr\/it\/wp-json\/wp\/v2\/pages\/31\/revisions\/524"}],"wp:attachment":[{"href":"https:\/\/dr-frederic-roulant.chirurgiens-dentistes.fr\/it\/wp-json\/wp\/v2\/media?parent=31"}],"curies":[{"name":"wp","href":"https:\/\/api.w.org\/{rel}","templated":true}]}}