{"id":214,"date":"2022-02-07T14:56:04","date_gmt":"2022-02-07T14:56:04","guid":{"rendered":"https:\/\/dr-frederic-roulant.chirurgiens-dentistes.fr\/?page_id=214"},"modified":"2022-05-12T17:15:45","modified_gmt":"2022-05-12T17:15:45","slug":"esthetique-du-sourire","status":"publish","type":"page","link":"https:\/\/dr-frederic-roulant.chirurgiens-dentistes.fr\/it\/esthetique-du-sourire\/","title":{"rendered":"ESTETICA DEL SORRISO"},"content":{"rendered":"<h1>\n\t\t\tESTETICA DEL SORRISO\n\t\t<\/h1>\n\t\t\t<p>Dans le cadre de l&rsquo;analyse globale de nos patients, le traitement le plus conservateur sera propos\u00e9. De l&rsquo;am\u00e9lioration de l&rsquo;esth\u00e9tique du sourire avec un simple \u00e9claircissement en passant par les facettes jusqu&rsquo;au traitement complexe dento implantaire. Fonction et int\u00e9gration biologique en ligne de mire.<\/p>\t\t\n\t\t<h1>\n\t\t\tESTETICO E RIABILITAZIONE FUNZIONALE\n\t\t<\/h1>\n\t\t\t<p>Le Dr Roulant privil\u00e9gie depuis longtemps la pr\u00e9vention et la pr\u00e9servation de la dent dans son int\u00e9grit\u00e9 en \u00e9tant le moins invasif possible et en analysant le b\u00e9n\u00e9fice risque de toute intervention.Il est possible de changer l&rsquo;apparence de son sourire par un ensemble de traitements du plus l\u00e9ger au plus global, de la petite t\u00e2che disgracieuse \u00e0 corriger \u00e0 la r\u00e9habilitation globale.<\/p>\t\t\n\t\t\t\t<img loading=\"lazy\" decoding=\"async\" src=\"https:\/\/dr-frederic-roulant.chirurgiens-dentistes.fr\/wp-content\/uploads\/2022\/02\/Dentiste-Reabilitation-Esthetique-Et-Fonctionnel.jpg\" alt=\"Dentiste-R\u00e9abilitation-Esth\u00e9tique-Et-Fonctionnel\" itemprop=\"image\" height=\"759\" width=\"1079\" title=\"Dentiste-R\u00e9abilitation-Esth\u00e9tique-Et-Fonctionnel\" onerror=\"this.style.display='none'\"  \/>\n\t\t<h1>\n\t\t\tTRATTAMENTO DELLE MACCHIE\n\t\t<\/h1>\n\t\t\t<p>D&rsquo;origine diverses, du traumatisme \u00e0 l&rsquo;hypo min\u00e9ralisation et \u00e0 la fluorose nos dents peuvent \u00eatre t\u00e2ch\u00e9es de fa\u00e7on unitaire ou multiple.Selon l&rsquo;analyse de ces dyschromies, l&rsquo;on peut infiltrer simplement la zone, tout en pr\u00e9servant le maximum l&#8217;email de la dent.Bien souvent un \u00e9claircissement de l&rsquo;ensemble att\u00e9nue les t\u00e2ches les plus claires.<\/p>\t\t\n\t\t\t\t<img loading=\"lazy\" decoding=\"async\" src=\"https:\/\/dr-frederic-roulant.chirurgiens-dentistes.fr\/wp-content\/uploads\/2022\/02\/Dentiste-Traitement-des-taches.jpg\" alt=\"Dentiste-Traitement-des-taches\" itemprop=\"image\" height=\"759\" width=\"1079\" title=\"Dentiste-Traitement-des-taches\" onerror=\"this.style.display='none'\"  \/>\n\t\t\t\t<img loading=\"lazy\" decoding=\"async\" src=\"https:\/\/dr-frederic-roulant.chirurgiens-dentistes.fr\/wp-content\/uploads\/2022\/02\/close-window.svg\" alt=\"close-window\" itemprop=\"image\" height=\"150\" width=\"150\" title=\"close-window\" onerror=\"this.style.display='none'\"  \/>\n\t\t<h1>\n\t\t\tILLUMINAZIONE\n\t\t<\/h1>\n\t\t\t<p>Le blanchiment dentaire est une technique qui permet d&rsquo;\u00e9claircir la couleur interne des dents afin de leur redonner un \u00e9clat et une brillance plus attractifs.Ce traitement est propos\u00e9 \u00aben ambulatoire\u00bb c&rsquo;est-\u00e0-dire qu&rsquo;il est effectu\u00e9 par le patient \u00e0 son domicile.<\/p>\t\t\n\t\t\t<a href=\"\" target=\"_self\" role=\"button\" rel=\"noopener\">\n\t\t\t\t\t\t\tpi\u00f9 informazioni\n\t\t\t\t\t<\/a>\n\t\t\t\t<img loading=\"lazy\" decoding=\"async\" src=\"https:\/\/dr-frederic-roulant.chirurgiens-dentistes.fr\/wp-content\/uploads\/2022\/02\/Dentiste-Eclaircissement.jpg\" alt=\"Dentiste-Eclaircissement\" itemprop=\"image\" height=\"759\" width=\"1079\" title=\"Dentiste-Eclaircissement\" onerror=\"this.style.display='none'\"  \/>\n\t\t<h1>\n\t\t\tCONSIGLI\n\t\t<\/h1>\n\t\t\t<p>Hygi\u00e8ne rigoureuse\u2028Commencer par une arcade seulement et quand l&rsquo;\u00e9claircissement souhait\u00e9 est atteint passer \u00e0 l&rsquo;arcade oppos\u00e9e\u2028Le temps moyen est de 20 jours par arcade\u2028La dur\u00e9e du port est de minimum 4h, sinon toute la nuit\u2028Quelques gouttes de produits sur chaque face externe est suffisant \u2028Pour \u00e9viter un exc\u00e8s enlever le au doigt ou avec un coton tige\u2028Veilliez scrupuleusement \u00e0 avoir une alimentation et boisson blanche (\u00e9vitez vin rabique, soda color\u00e9s, myrtilles m\u00fbres, cassis, curcuma, currry, safran, artichaut crus etc.)\u2028Au r\u00e9veil rincer soigneusement votre goutti\u00e8re \u00e0 l&rsquo;eau froide et brosser d\u00e9licatement vos dents, attendez environ 15 min avant de d\u00e9jeuner \u2028Un rendez-vous \u00e0 mi parcours sera pris pour que nous puissions voir la progression\u2028La seringue en cours est \u00e0 l&rsquo;abri de la lumi\u00e8re dans le tiroir, les autres sont au frigo.<\/p>\t\t\n\t\t\t\t<img loading=\"lazy\" decoding=\"async\" src=\"https:\/\/dr-frederic-roulant.chirurgiens-dentistes.fr\/wp-content\/uploads\/2022\/02\/Dentiste-Eclaircissement-Patiente.jpg\" alt=\"Dentiste-Eclaircissement-Patiente\" itemprop=\"image\" height=\"698\" width=\"1079\" title=\"Dentiste-Eclaircissement-Patiente\" onerror=\"this.style.display='none'\"  \/>\n\t\t<h1>\n\t\t\tALLINEAMENTO DENTALE\n\t\t<\/h1>\n\t\t\t<p>C&rsquo;est une technique simple d&rsquo;alignement gr\u00e2ce \u00e0 des aligneurs ou goutti\u00e8res invisibles vous seront propos\u00e9s.A tout \u00e2ge vous pouvez r\u00e9cup\u00e9rer un r\u00e9el bien \u00eatre \u00e0 voir vos dents se pr\u00e9senter r\u00e9organis\u00e9es et align\u00e9es sans que l&rsquo;on ait eu besoin de toucher \u00e0 leur int\u00e9grit\u00e9.Nous vous prendrons quelques photos, une empreinte num\u00e9rique \u2028par scannage de telle fa\u00e7on que d\u00e8s le deuxi\u00e8me rendez-vous, nous vous donnerons une pr\u00e9visualisation du traitement de vos arcades ainsi que la dur\u00e9e. Apr\u00e8s remise des aligneurs, peu de rendez-vous de contr\u00f4le sont n\u00e9cessaires pour assurer le bon d\u00e9roulement du traitement.Une stabilisation finale est r\u00e9alis\u00e9e et le plus souvent un \u00e9claircissement de fa\u00e7on \u00e0 parfaire naturellement votre nouveau sourire.<\/p>\t\t\n\t\t\t\t<img loading=\"lazy\" decoding=\"async\" src=\"https:\/\/dr-frederic-roulant.chirurgiens-dentistes.fr\/wp-content\/uploads\/2022\/02\/dentiste-alignement-dentaire-invisalign-nice.gif\" alt=\"dentiste-alignement-dentaire-invisalign-nice\" itemprop=\"image\" height=\"366\" width=\"521\" title=\"dentiste-alignement-dentaire-invisalign-nice\" onerror=\"this.style.display='none'\"  \/>\n\t\t\t\t<img loading=\"lazy\" decoding=\"async\" src=\"https:\/\/dr-frederic-roulant.chirurgiens-dentistes.fr\/wp-content\/uploads\/2022\/02\/close-window.svg\" alt=\"close-window\" itemprop=\"image\" height=\"150\" width=\"150\" title=\"close-window\" onerror=\"this.style.display='none'\"  \/>\n\t\t<h1>\n\t\t\tINDOSSARE\n\t\t<\/h1>\n\t\t\t<p>Qu&rsquo;il s&rsquo;agisse du simple vieillissement ou de para fonction comme le bruxisme ou d&rsquo;\u00e9rosion, avec le temps vos dents disparaissent de votre sourire le rendant inesth\u00e9tique et en d\u00e9calage avec l&rsquo;apparence que vous voulez vous donner.Il existe souvent une diminution de l&rsquo;\u00e9tage inf\u00e9rieur de la face, des f\u00ealures, des fractures, des infections possibles, des sensations douloureuses au froid, des difficult\u00e9s pour manger.Dans la zone ant\u00e9rieure : Les facettes ou les coiffes toute c\u00e9ramique redonnent la beaut\u00e9 ant\u00e9rieure.Dans la zone post\u00e9rieure : Les onlays c\u00e9ramiques ou les coiffes c\u00e9ramiques assurent le rehaussement de l&rsquo;arcade.<\/p>\t\t\n\t\t\t<a href=\"\" target=\"_self\" role=\"button\" rel=\"noopener\">\n\t\t\t\t\t\t\tpi\u00f9 informazioni\n\t\t\t\t\t<\/a>\n\t\t\t\t<img loading=\"lazy\" decoding=\"async\" src=\"https:\/\/dr-frederic-roulant.chirurgiens-dentistes.fr\/wp-content\/uploads\/2022\/02\/Densiste-Usure.jpg\" alt=\"Densiste-Usure\" itemprop=\"image\" height=\"759\" width=\"1079\" title=\"Densiste-Usure\" onerror=\"this.style.display='none'\"  \/>\n\t\t<h1>\n\t\t\tPRIMA DELLA STAMPA 01\n\t\t<\/h1>\n\t\t\t<p>Trattamento minimo con faccette dentali.<\/p>\t\t\n\t\t\t\t<img loading=\"lazy\" decoding=\"async\" src=\"https:\/\/dr-frederic-roulant.chirurgiens-dentistes.fr\/wp-content\/uploads\/2022\/02\/Densiste-Usure-Avant-Apres-01.jpg\" alt=\"Densiste-Usure-Avant-Apres-01\" itemprop=\"image\" height=\"759\" width=\"1079\" title=\"Densiste-Usure-Avant-Apres-01\" onerror=\"this.style.display='none'\"  \/>\n\t\t<h1>\n\t\t\tPRIMA DELLA STAMPA 02\n\t\t<\/h1>\n\t\t\t<p>Trattamento minimo con faccette dentali.<\/p>\t\t\n\t\t\t\t<img loading=\"lazy\" decoding=\"async\" src=\"https:\/\/dr-frederic-roulant.chirurgiens-dentistes.fr\/wp-content\/uploads\/2022\/02\/Densiste-Usure-Avant-Apres-02.jpg\" alt=\"Densiste-Usure-Avant-Apres-02\" itemprop=\"image\" height=\"759\" width=\"1067\" title=\"Densiste-Usure-Avant-Apres-02\" onerror=\"this.style.display='none'\"  \/>\n\t\t<h1>\n\t\t\tPRIMA DELLA STAMPA 03\n\t\t<\/h1>\n\t\t\t<p>Trattamento minimo con faccette dentali.<\/p>\t\t\n\t\t\t\t<img loading=\"lazy\" decoding=\"async\" src=\"https:\/\/dr-frederic-roulant.chirurgiens-dentistes.fr\/wp-content\/uploads\/2022\/02\/Densiste-Usure-Avant-Apres-03.jpg\" alt=\"Densiste-Usure-Avant-Apres-03\" itemprop=\"image\" height=\"760\" width=\"1067\" title=\"Densiste-Usure-Avant-Apres-03\" onerror=\"this.style.display='none'\"  \/>\n\t\t<h1>\n\t\t\tPRIMA DELLA STAMPA 04\n\t\t<\/h1>\n\t\t\t<p>Trattamento minimo con faccette dentali.<\/p>\t\t\n\t\t\t\t<img loading=\"lazy\" decoding=\"async\" src=\"https:\/\/dr-frederic-roulant.chirurgiens-dentistes.fr\/wp-content\/uploads\/2022\/02\/Densiste-Usure-Avant-Apres-04.jpg\" alt=\"Densiste-Usure-Avant-Apres-04\" itemprop=\"image\" height=\"759\" width=\"1067\" title=\"Densiste-Usure-Avant-Apres-04\" onerror=\"this.style.display='none'\"  \/>\n\t\t<h1>\n\t\t\tPRIMA DELLA STAMPA 05\n\t\t<\/h1>\n\t\t\t<p>Trattamento minimo con faccette dentali.<\/p>\t\t\n\t\t\t\t<img loading=\"lazy\" decoding=\"async\" src=\"https:\/\/dr-frederic-roulant.chirurgiens-dentistes.fr\/wp-content\/uploads\/2022\/02\/Densiste-Usure-Avant-Apres-05.jpg\" alt=\"Densiste-Usure-Avant-Apres-05\" itemprop=\"image\" height=\"759\" width=\"1067\" title=\"Densiste-Usure-Avant-Apres-05\" onerror=\"this.style.display='none'\"  \/>\n\t\t<h1>\n\t\t\tALLINEAMENTO GENGIVALE\n\t\t<\/h1>\n\t\t\t<p>La ligne du sourire est quelque fois disgracieuse par son d\u00e9calage vertical et de biais.La gencive remontant sur la racine de la dent donne l&rsquo;apparence d&rsquo;une dent plus longue et quand elle est visible dans le sourire perturbe le bon \u00e9quilibre \u00ab\u00a0rose\/blanc\u00a0\u00bb.Des solutions de microchirurgie parodontale vous seront propos\u00e9es pour palier \u00e0 ces d\u00e9fauts ou des solutions proth\u00e9tiques esth\u00e9tiques.<\/p>\t\t\n\t\t\t\t<img loading=\"lazy\" decoding=\"async\" src=\"https:\/\/dr-frederic-roulant.chirurgiens-dentistes.fr\/wp-content\/uploads\/2022\/02\/Densiste-Alignement-Gingival.jpg\" alt=\"Densiste-Alignement-Gingival\" itemprop=\"image\" height=\"759\" width=\"1079\" title=\"Densiste-Alignement-Gingival\" onerror=\"this.style.display='none'\"  \/>\n\t\t<h1>\n\t\t\tRIVESTIMENTO DENTALE\n\t\t<\/h1>\n\t\t\t<p>La facette est une fine pellicule de c\u00e9ramique que l&rsquo;on place sur la partie externe de la dent avec ou sans pr\u00e9paration initiale.Elle permet de r\u00e9cup\u00e9rer une harmonie de forme et de teinte \u00e0 votre sourire et de prot\u00e9ger la partie externe quand celle-ci est \u00e9rod\u00e9e.Quelques pr\u00e9cautions sont \u00e0 prendre mais elles sont tr\u00e8s solides et durables d&rsquo;une esth\u00e9tique parfaite avec une excellente int\u00e9gration biologique remarquable.<\/p>\t\t\n\t\t\t\t<img loading=\"lazy\" decoding=\"async\" src=\"https:\/\/dr-frederic-roulant.chirurgiens-dentistes.fr\/wp-content\/uploads\/2022\/02\/Densiste-Facette-Dentaire.jpg\" alt=\"Densiste-Facette-Dentaire\" itemprop=\"image\" height=\"759\" width=\"1079\" title=\"Densiste-Facette-Dentaire\" onerror=\"this.style.display='none'\"  \/>","protected":false},"excerpt":{"rendered":"<p>ESTH\u00c9TIQUE DU SOURIRE Dans le cadre de l&rsquo;analyse globale de nos patients, le traitement le plus conservateur sera propos\u00e9. De l&rsquo;am\u00e9lioration de l&rsquo;esth\u00e9tique du sourire avec un simple \u00e9claircissement en passant par les facettes jusqu&rsquo;au traitement complexe dento implantaire. Fonction et int\u00e9gration biologique en ligne de mire. REABILITATION ESTH\u00c9TIQUE ET FONCTIONNELLE Le Dr Roulant privil\u00e9gie [&hellip;]<\/p>","protected":false},"author":1,"featured_media":0,"parent":0,"menu_order":0,"comment_status":"closed","ping_status":"closed","template":"","meta":{"inline_featured_image":false,"footnotes":""},"class_list":["post-214","page","type-page","status-publish","hentry"],"yoast_head":"<!-- This site is optimized with the Yoast SEO plugin v21.7 - https:\/\/yoast.com\/wordpress\/plugins\/seo\/ -->\n<title>Blanchiment, alignement &amp; facettes dentaires | Dr Fr\u00e9d\u00e9ric Roulant<\/title>\n<meta name=\"description\" content=\"D\u00e9couvrez notre expertise, de l\u2019am\u00e9lioration de l\u2019esth\u00e9tique du sourire aux facettes jusqu&#039;au traitement complexe dento-implantaire\" \/>\n<meta name=\"robots\" content=\"index, follow, max-snippet:-1, max-image-preview:large, max-video-preview:-1\" \/>\n<link rel=\"canonical\" href=\"https:\/\/dr-frederic-roulant.chirurgiens-dentistes.fr\/it\/esthetique-du-sourire\/\" \/>\n<meta property=\"og:locale\" content=\"it_IT\" \/>\n<meta property=\"og:type\" content=\"article\" \/>\n<meta property=\"og:title\" content=\"Blanchiment, alignement &amp; facettes dentaires | Dr Fr\u00e9d\u00e9ric Roulant\" \/>\n<meta property=\"og:description\" content=\"D\u00e9couvrez notre expertise, de l\u2019am\u00e9lioration de l\u2019esth\u00e9tique du sourire aux facettes jusqu&#039;au traitement complexe dento-implantaire\" \/>\n<meta property=\"og:url\" content=\"https:\/\/dr-frederic-roulant.chirurgiens-dentistes.fr\/it\/esthetique-du-sourire\/\" \/>\n<meta property=\"og:site_name\" content=\"Dr Roulant\" \/>\n<meta property=\"article:modified_time\" content=\"2022-05-12T17:15:45+00:00\" \/>\n<meta property=\"og:image\" content=\"https:\/\/dr-frederic-roulant.chirurgiens-dentistes.fr\/wp-content\/uploads\/2022\/02\/Dentiste-Reabilitation-Esthetique-Et-Fonctionnel.jpg\" \/>\n<meta name=\"twitter:card\" content=\"summary_large_image\" \/>\n<meta name=\"twitter:label1\" content=\"Tempo di lettura stimato\" \/>\n\t<meta name=\"twitter:data1\" content=\"7 minuti\" \/>\n<script type=\"application\/ld+json\" class=\"yoast-schema-graph\">{\"@context\":\"https:\/\/schema.org\",\"@graph\":[{\"@type\":\"WebPage\",\"@id\":\"https:\/\/dr-frederic-roulant.chirurgiens-dentistes.fr\/fr\/esthetique-du-sourire\/\",\"url\":\"https:\/\/dr-frederic-roulant.chirurgiens-dentistes.fr\/fr\/esthetique-du-sourire\/\",\"name\":\"Blanchiment, alignement & facettes dentaires | Dr Fr\u00e9d\u00e9ric Roulant\",\"isPartOf\":{\"@id\":\"https:\/\/dr-frederic-roulant.chirurgiens-dentistes.fr\/fr\/#website\"},\"datePublished\":\"2022-02-07T14:56:04+00:00\",\"dateModified\":\"2022-05-12T17:15:45+00:00\",\"description\":\"D\u00e9couvrez notre expertise, de l\u2019am\u00e9lioration de l\u2019esth\u00e9tique du sourire aux facettes jusqu'au traitement complexe dento-implantaire\",\"breadcrumb\":{\"@id\":\"https:\/\/dr-frederic-roulant.chirurgiens-dentistes.fr\/fr\/esthetique-du-sourire\/#breadcrumb\"},\"inLanguage\":\"it-IT\",\"potentialAction\":[{\"@type\":\"ReadAction\",\"target\":[\"https:\/\/dr-frederic-roulant.chirurgiens-dentistes.fr\/fr\/esthetique-du-sourire\/\"]}]},{\"@type\":\"BreadcrumbList\",\"@id\":\"https:\/\/dr-frederic-roulant.chirurgiens-dentistes.fr\/fr\/esthetique-du-sourire\/#breadcrumb\",\"itemListElement\":[{\"@type\":\"ListItem\",\"position\":1,\"name\":\"Home\",\"item\":\"https:\/\/dr-frederic-roulant.chirurgiens-dentistes.fr\/fr\/\"},{\"@type\":\"ListItem\",\"position\":2,\"name\":\"ESTH\u00c9TIQUE DU SOURIRE\"}]},{\"@type\":\"WebSite\",\"@id\":\"https:\/\/dr-frederic-roulant.chirurgiens-dentistes.fr\/fr\/#website\",\"url\":\"https:\/\/dr-frederic-roulant.chirurgiens-dentistes.fr\/fr\/\",\"name\":\"Dr Roulant\",\"description\":\"\",\"potentialAction\":[{\"@type\":\"SearchAction\",\"target\":{\"@type\":\"EntryPoint\",\"urlTemplate\":\"https:\/\/dr-frederic-roulant.chirurgiens-dentistes.fr\/fr\/?s={search_term_string}\"},\"query-input\":\"required name=search_term_string\"}],\"inLanguage\":\"it-IT\"}]}<\/script>\n<!-- \/ Yoast SEO plugin. -->","yoast_head_json":{"title":"Blanchiment, alignement & facettes dentaires | Dr Fr\u00e9d\u00e9ric Roulant","description":"D\u00e9couvrez notre expertise, de l\u2019am\u00e9lioration de l\u2019esth\u00e9tique du sourire aux facettes jusqu'au traitement complexe dento-implantaire","robots":{"index":"index","follow":"follow","max-snippet":"max-snippet:-1","max-image-preview":"max-image-preview:large","max-video-preview":"max-video-preview:-1"},"canonical":"https:\/\/dr-frederic-roulant.chirurgiens-dentistes.fr\/it\/esthetique-du-sourire\/","og_locale":"it_IT","og_type":"article","og_title":"Blanchiment, alignement & facettes dentaires | Dr Fr\u00e9d\u00e9ric Roulant","og_description":"D\u00e9couvrez notre expertise, de l\u2019am\u00e9lioration de l\u2019esth\u00e9tique du sourire aux facettes jusqu'au traitement complexe dento-implantaire","og_url":"https:\/\/dr-frederic-roulant.chirurgiens-dentistes.fr\/it\/esthetique-du-sourire\/","og_site_name":"Dr Roulant","article_modified_time":"2022-05-12T17:15:45+00:00","og_image":[{"url":"https:\/\/dr-frederic-roulant.chirurgiens-dentistes.fr\/wp-content\/uploads\/2022\/02\/Dentiste-Reabilitation-Esthetique-Et-Fonctionnel.jpg"}],"twitter_card":"summary_large_image","twitter_misc":{"Tempo di lettura stimato":"7 minuti"},"schema":{"@context":"https:\/\/schema.org","@graph":[{"@type":"WebPage","@id":"https:\/\/dr-frederic-roulant.chirurgiens-dentistes.fr\/fr\/esthetique-du-sourire\/","url":"https:\/\/dr-frederic-roulant.chirurgiens-dentistes.fr\/fr\/esthetique-du-sourire\/","name":"Blanchiment, alignement & facettes dentaires | Dr Fr\u00e9d\u00e9ric Roulant","isPartOf":{"@id":"https:\/\/dr-frederic-roulant.chirurgiens-dentistes.fr\/fr\/#website"},"datePublished":"2022-02-07T14:56:04+00:00","dateModified":"2022-05-12T17:15:45+00:00","description":"D\u00e9couvrez notre expertise, de l\u2019am\u00e9lioration de l\u2019esth\u00e9tique du sourire aux facettes jusqu'au traitement complexe dento-implantaire","breadcrumb":{"@id":"https:\/\/dr-frederic-roulant.chirurgiens-dentistes.fr\/fr\/esthetique-du-sourire\/#breadcrumb"},"inLanguage":"it-IT","potentialAction":[{"@type":"ReadAction","target":["https:\/\/dr-frederic-roulant.chirurgiens-dentistes.fr\/fr\/esthetique-du-sourire\/"]}]},{"@type":"BreadcrumbList","@id":"https:\/\/dr-frederic-roulant.chirurgiens-dentistes.fr\/fr\/esthetique-du-sourire\/#breadcrumb","itemListElement":[{"@type":"ListItem","position":1,"name":"Home","item":"https:\/\/dr-frederic-roulant.chirurgiens-dentistes.fr\/fr\/"},{"@type":"ListItem","position":2,"name":"ESTH\u00c9TIQUE DU SOURIRE"}]},{"@type":"WebSite","@id":"https:\/\/dr-frederic-roulant.chirurgiens-dentistes.fr\/fr\/#website","url":"https:\/\/dr-frederic-roulant.chirurgiens-dentistes.fr\/fr\/","name":"Dr Roulant","description":"","potentialAction":[{"@type":"SearchAction","target":{"@type":"EntryPoint","urlTemplate":"https:\/\/dr-frederic-roulant.chirurgiens-dentistes.fr\/fr\/?s={search_term_string}"},"query-input":"required name=search_term_string"}],"inLanguage":"it-IT"}]}},"_links":{"self":[{"href":"https:\/\/dr-frederic-roulant.chirurgiens-dentistes.fr\/it\/wp-json\/wp\/v2\/pages\/214","targetHints":{"allow":["GET"]}}],"collection":[{"href":"https:\/\/dr-frederic-roulant.chirurgiens-dentistes.fr\/it\/wp-json\/wp\/v2\/pages"}],"about":[{"href":"https:\/\/dr-frederic-roulant.chirurgiens-dentistes.fr\/it\/wp-json\/wp\/v2\/types\/page"}],"author":[{"embeddable":true,"href":"https:\/\/dr-frederic-roulant.chirurgiens-dentistes.fr\/it\/wp-json\/wp\/v2\/users\/1"}],"replies":[{"embeddable":true,"href":"https:\/\/dr-frederic-roulant.chirurgiens-dentistes.fr\/it\/wp-json\/wp\/v2\/comments?post=214"}],"version-history":[{"count":41,"href":"https:\/\/dr-frederic-roulant.chirurgiens-dentistes.fr\/it\/wp-json\/wp\/v2\/pages\/214\/revisions"}],"predecessor-version":[{"id":505,"href":"https:\/\/dr-frederic-roulant.chirurgiens-dentistes.fr\/it\/wp-json\/wp\/v2\/pages\/214\/revisions\/505"}],"wp:attachment":[{"href":"https:\/\/dr-frederic-roulant.chirurgiens-dentistes.fr\/it\/wp-json\/wp\/v2\/media?parent=214"}],"curies":[{"name":"wp","href":"https:\/\/api.w.org\/{rel}","templated":true}]}}