{"id":116,"date":"2022-01-24T15:47:58","date_gmt":"2022-01-24T15:47:58","guid":{"rendered":"https:\/\/dr-frederic-roulant.chirurgiens-dentistes.fr\/?page_id=116"},"modified":"2022-05-10T07:44:20","modified_gmt":"2022-05-10T07:44:20","slug":"mentions-legales-copy-2","status":"publish","type":"page","link":"https:\/\/dr-frederic-roulant.chirurgiens-dentistes.fr\/it\/mentions-legales-copy-2\/","title":{"rendered":"POLITIQUE DE CONFIDENTIALIT\u00c9"},"content":{"rendered":"<h1>\n\t\t\tPOLITIQUE DE CONFIDENTIALIT\u00c9\n\t\t<\/h1>\n\t<p>Mise \u00e0 jour : 01 janvier 2022<\/p>\n\t\t<h1>\n\t\t\tQUELLES SONT LES DONN\u00c9ES PERSONNELLES TRAIT\u00c9ES ?\n\t\t<\/h1>\n\t\t\t<p>Les donn\u00e9es personnelles vous concernant collect\u00e9es et trait\u00e9es sont principalement, selon les services du Site utilis\u00e9s, vos choix et le param\u00e9trage de votre terminal (notamment par rapport aux cookies et autres traceurs): vos nom, pr\u00e9nom, adresse email, num\u00e9ro de t\u00e9l\u00e9phone.Nous pouvons vous permettre de partager des informations relatives \u00e0 nos contenus sur le site Internet (en sa version fixe ou mobile), notamment par l&rsquo;interm\u00e9diaire des boutons de partage. Nous vous rappelons que l&rsquo;acc\u00e8s \u00e0 ces R\u00e9seaux Sociaux n\u00e9cessite l&rsquo;acceptation par vous de leurs conditions contractuelles comportant des dispositions relatives \u00e0 la R\u00e8glementation sur les Donn\u00e9es Personnelles pour les traitements effectu\u00e9s par eux, et ce ind\u00e9pendamment de nos pages sur lesdits R\u00e9seaux Sociaux.Pour en savoir plus sur la protection de vos Donn\u00e9es Personnelles lors de la navigation sur ces R\u00e9seaux Sociaux, nous vous invitons \u00e0 consulter leurs politiques de confidentialit\u00e9 respectives.<\/p>\t\t\n\t\t<h1>\n\t\t\tCOMMENT COLLECTONS-NOUS VOS DONN\u00c9ES PERSONNELLES ?\n\t\t<\/h1>\n\t\t\t<p>Ces Donn\u00e9es sont collect\u00e9es soit sur la base de votre consentement, soit sont n\u00e9cessaires \u00e0 l&rsquo;ex\u00e9cution de vos commandes (ex\u00e9cution d&rsquo;un contrat).<\/p>\t\t\n\t\t<h1>\n\t\t\tPOURQUOI COLLECTONS-NOUS VOS DONNEES PERSONNELLES ?\n\t\t<\/h1>\n\t\t\t<p>insi, vos donn\u00e9es sont collect\u00e9es afin de :R\u00e9aliser des statistiques;<br>Transmettre du contenu informatif et p\u00e9dagogique<br>Garantir le bon fonctionnement de certaines fonctionnalit\u00e9s.<\/p>\t\t\n\t\t<h1>\n\t\t\tA QUI TRANSMETTONS-NOUS VOS DONN\u00c9ES PERSONNELLES ?\n\t\t<\/h1>\n\t\t\t<p>Vos donn\u00e9es ne seront c\u00e9d\u00e9es ou rendues accessibles \u00e0 aucun tiers sous r\u00e9serve (i) des sous-traitants \u00e9ventuels pour des raisons exclusivement techniques et logistiques (prestataires d&rsquo;h\u00e9bergement et de maintenance du Site, prestataires de gestion de la fraude, etc.) et (ii) de toute restructuration de notre soci\u00e9t\u00e9, y compris cession totale ou partielle d&rsquo;actifs, fusion, absorption acquisition, scission et plus g\u00e9n\u00e9ralement toute op\u00e9ration de r\u00e9organisation.Vos donn\u00e9es pourront \u00eatre utilis\u00e9es \u00e0 des fins de gestion et d&rsquo;optimisation de la relation patient\u00e8le ainsi que, sauf opposition de votre part, \u00e0 des fins d&rsquo;envoi d&rsquo;informations sur les contenus informatifs et p\u00e9dagogiques.<\/p>","protected":false},"excerpt":{"rendered":"<p>POLITIQUE DE CONFIDENTIALIT\u00c9 Mise \u00e0 jour : 01 janvier 2022 QUELLES SONT LES DONN\u00c9ES PERSONNELLES TRAIT\u00c9ES ? Les donn\u00e9es personnelles vous concernant collect\u00e9es et trait\u00e9es sont principalement, selon les services du Site utilis\u00e9s, vos choix et le param\u00e9trage de votre terminal (notamment par rapport aux cookies et autres traceurs): vos nom, pr\u00e9nom, adresse email, num\u00e9ro [&hellip;]<\/p>","protected":false},"author":1,"featured_media":0,"parent":0,"menu_order":0,"comment_status":"closed","ping_status":"closed","template":"","meta":{"inline_featured_image":false,"footnotes":""},"class_list":["post-116","page","type-page","status-publish","hentry"],"yoast_head":"<!-- This site is optimized with the Yoast SEO plugin v21.7 - https:\/\/yoast.com\/wordpress\/plugins\/seo\/ -->\n<title>Confidentialit\u00e9 &amp; Cookies | Dr Roulant<\/title>\n<meta name=\"robots\" content=\"index, follow, max-snippet:-1, max-image-preview:large, max-video-preview:-1\" \/>\n<link rel=\"canonical\" href=\"https:\/\/dr-frederic-roulant.chirurgiens-dentistes.fr\/it\/mentions-legales-copy-2\/\" \/>\n<meta property=\"og:locale\" content=\"it_IT\" \/>\n<meta property=\"og:type\" content=\"article\" \/>\n<meta property=\"og:title\" content=\"Confidentialit\u00e9 &amp; Cookies | Dr Roulant\" \/>\n<meta property=\"og:description\" content=\"POLITIQUE DE CONFIDENTIALIT\u00c9 Mise \u00e0 jour : 01 janvier 2022 QUELLES SONT LES DONN\u00c9ES PERSONNELLES TRAIT\u00c9ES ? Les donn\u00e9es personnelles vous concernant collect\u00e9es et trait\u00e9es sont principalement, selon les services du Site utilis\u00e9s, vos choix et le param\u00e9trage de votre terminal (notamment par rapport aux cookies et autres traceurs): vos nom, pr\u00e9nom, adresse email, num\u00e9ro [&hellip;]\" \/>\n<meta property=\"og:url\" content=\"https:\/\/dr-frederic-roulant.chirurgiens-dentistes.fr\/it\/mentions-legales-copy-2\/\" \/>\n<meta property=\"og:site_name\" content=\"Dr Roulant\" \/>\n<meta property=\"article:modified_time\" content=\"2022-05-10T07:44:20+00:00\" \/>\n<meta name=\"twitter:card\" content=\"summary_large_image\" \/>\n<meta name=\"twitter:label1\" content=\"Tempo di lettura stimato\" \/>\n\t<meta name=\"twitter:data1\" content=\"2 minuti\" \/>\n<script type=\"application\/ld+json\" class=\"yoast-schema-graph\">{\"@context\":\"https:\/\/schema.org\",\"@graph\":[{\"@type\":\"WebPage\",\"@id\":\"https:\/\/dr-frederic-roulant.chirurgiens-dentistes.fr\/mentions-legales-copy-2\/\",\"url\":\"https:\/\/dr-frederic-roulant.chirurgiens-dentistes.fr\/mentions-legales-copy-2\/\",\"name\":\"Confidentialit\u00e9 & Cookies | Dr Roulant\",\"isPartOf\":{\"@id\":\"https:\/\/dr-frederic-roulant.chirurgiens-dentistes.fr\/fr\/#website\"},\"datePublished\":\"2022-01-24T15:47:58+00:00\",\"dateModified\":\"2022-05-10T07:44:20+00:00\",\"breadcrumb\":{\"@id\":\"https:\/\/dr-frederic-roulant.chirurgiens-dentistes.fr\/mentions-legales-copy-2\/#breadcrumb\"},\"inLanguage\":\"it-IT\",\"potentialAction\":[{\"@type\":\"ReadAction\",\"target\":[\"https:\/\/dr-frederic-roulant.chirurgiens-dentistes.fr\/mentions-legales-copy-2\/\"]}]},{\"@type\":\"BreadcrumbList\",\"@id\":\"https:\/\/dr-frederic-roulant.chirurgiens-dentistes.fr\/mentions-legales-copy-2\/#breadcrumb\",\"itemListElement\":[{\"@type\":\"ListItem\",\"position\":1,\"name\":\"Home\",\"item\":\"https:\/\/dr-frederic-roulant.chirurgiens-dentistes.fr\/fr\/\"},{\"@type\":\"ListItem\",\"position\":2,\"name\":\"POLITIQUE DE CONFIDENTIALIT\u00c9\"}]},{\"@type\":\"WebSite\",\"@id\":\"https:\/\/dr-frederic-roulant.chirurgiens-dentistes.fr\/fr\/#website\",\"url\":\"https:\/\/dr-frederic-roulant.chirurgiens-dentistes.fr\/fr\/\",\"name\":\"Dr Roulant\",\"description\":\"\",\"potentialAction\":[{\"@type\":\"SearchAction\",\"target\":{\"@type\":\"EntryPoint\",\"urlTemplate\":\"https:\/\/dr-frederic-roulant.chirurgiens-dentistes.fr\/fr\/?s={search_term_string}\"},\"query-input\":\"required name=search_term_string\"}],\"inLanguage\":\"it-IT\"}]}<\/script>\n<!-- \/ Yoast SEO plugin. -->","yoast_head_json":{"title":"Confidentialit\u00e9 & Cookies | Dr Roulant","robots":{"index":"index","follow":"follow","max-snippet":"max-snippet:-1","max-image-preview":"max-image-preview:large","max-video-preview":"max-video-preview:-1"},"canonical":"https:\/\/dr-frederic-roulant.chirurgiens-dentistes.fr\/it\/mentions-legales-copy-2\/","og_locale":"it_IT","og_type":"article","og_title":"Confidentialit\u00e9 & Cookies | Dr Roulant","og_description":"POLITIQUE DE CONFIDENTIALIT\u00c9 Mise \u00e0 jour : 01 janvier 2022 QUELLES SONT LES DONN\u00c9ES PERSONNELLES TRAIT\u00c9ES ? Les donn\u00e9es personnelles vous concernant collect\u00e9es et trait\u00e9es sont principalement, selon les services du Site utilis\u00e9s, vos choix et le param\u00e9trage de votre terminal (notamment par rapport aux cookies et autres traceurs): vos nom, pr\u00e9nom, adresse email, num\u00e9ro [&hellip;]","og_url":"https:\/\/dr-frederic-roulant.chirurgiens-dentistes.fr\/it\/mentions-legales-copy-2\/","og_site_name":"Dr Roulant","article_modified_time":"2022-05-10T07:44:20+00:00","twitter_card":"summary_large_image","twitter_misc":{"Tempo di lettura stimato":"2 minuti"},"schema":{"@context":"https:\/\/schema.org","@graph":[{"@type":"WebPage","@id":"https:\/\/dr-frederic-roulant.chirurgiens-dentistes.fr\/mentions-legales-copy-2\/","url":"https:\/\/dr-frederic-roulant.chirurgiens-dentistes.fr\/mentions-legales-copy-2\/","name":"Confidentialit\u00e9 & Cookies | Dr Roulant","isPartOf":{"@id":"https:\/\/dr-frederic-roulant.chirurgiens-dentistes.fr\/fr\/#website"},"datePublished":"2022-01-24T15:47:58+00:00","dateModified":"2022-05-10T07:44:20+00:00","breadcrumb":{"@id":"https:\/\/dr-frederic-roulant.chirurgiens-dentistes.fr\/mentions-legales-copy-2\/#breadcrumb"},"inLanguage":"it-IT","potentialAction":[{"@type":"ReadAction","target":["https:\/\/dr-frederic-roulant.chirurgiens-dentistes.fr\/mentions-legales-copy-2\/"]}]},{"@type":"BreadcrumbList","@id":"https:\/\/dr-frederic-roulant.chirurgiens-dentistes.fr\/mentions-legales-copy-2\/#breadcrumb","itemListElement":[{"@type":"ListItem","position":1,"name":"Home","item":"https:\/\/dr-frederic-roulant.chirurgiens-dentistes.fr\/fr\/"},{"@type":"ListItem","position":2,"name":"POLITIQUE DE CONFIDENTIALIT\u00c9"}]},{"@type":"WebSite","@id":"https:\/\/dr-frederic-roulant.chirurgiens-dentistes.fr\/fr\/#website","url":"https:\/\/dr-frederic-roulant.chirurgiens-dentistes.fr\/fr\/","name":"Dr Roulant","description":"","potentialAction":[{"@type":"SearchAction","target":{"@type":"EntryPoint","urlTemplate":"https:\/\/dr-frederic-roulant.chirurgiens-dentistes.fr\/fr\/?s={search_term_string}"},"query-input":"required name=search_term_string"}],"inLanguage":"it-IT"}]}},"_links":{"self":[{"href":"https:\/\/dr-frederic-roulant.chirurgiens-dentistes.fr\/it\/wp-json\/wp\/v2\/pages\/116","targetHints":{"allow":["GET"]}}],"collection":[{"href":"https:\/\/dr-frederic-roulant.chirurgiens-dentistes.fr\/it\/wp-json\/wp\/v2\/pages"}],"about":[{"href":"https:\/\/dr-frederic-roulant.chirurgiens-dentistes.fr\/it\/wp-json\/wp\/v2\/types\/page"}],"author":[{"embeddable":true,"href":"https:\/\/dr-frederic-roulant.chirurgiens-dentistes.fr\/it\/wp-json\/wp\/v2\/users\/1"}],"replies":[{"embeddable":true,"href":"https:\/\/dr-frederic-roulant.chirurgiens-dentistes.fr\/it\/wp-json\/wp\/v2\/comments?post=116"}],"version-history":[{"count":9,"href":"https:\/\/dr-frederic-roulant.chirurgiens-dentistes.fr\/it\/wp-json\/wp\/v2\/pages\/116\/revisions"}],"predecessor-version":[{"id":494,"href":"https:\/\/dr-frederic-roulant.chirurgiens-dentistes.fr\/it\/wp-json\/wp\/v2\/pages\/116\/revisions\/494"}],"wp:attachment":[{"href":"https:\/\/dr-frederic-roulant.chirurgiens-dentistes.fr\/it\/wp-json\/wp\/v2\/media?parent=116"}],"curies":[{"name":"wp","href":"https:\/\/api.w.org\/{rel}","templated":true}]}}