{"id":363,"date":"2022-03-15T14:50:49","date_gmt":"2022-03-15T14:50:49","guid":{"rendered":"https:\/\/dr-frederic-roulant.chirurgiens-dentistes.fr\/?page_id=363"},"modified":"2022-05-30T09:28:04","modified_gmt":"2022-05-30T09:28:04","slug":"soins-traitements","status":"publish","type":"page","link":"https:\/\/dr-frederic-roulant.chirurgiens-dentistes.fr\/fr\/soins-traitements\/","title":{"rendered":"SOINS ET TRAITEMENTS"},"content":{"rendered":"\n\n\t\t<h1>\n\t\t\tSOINS ET TRAITEMENTS\n\t\t<\/h1>\n\t\t\t<p>La mise en place d&rsquo;actes dentaires demande beaucoup de douceur et d&rsquo;analyse. Chaque technique et chaque dur\u00e9e de soin sont choisis afin d&rsquo;\u00eatre les mieux support\u00e9s.<\/p>\t\t\n\t\t<h1>\n\t\t\tCOURONNES TOUT C\u00c9RAMIQUE\n\t\t<\/h1>\n\t\t\t<p>Avec l&rsquo;\u00e9volution des mat\u00e9riaux, de nos techniques d&#8217;empreinte par scanner, et la pr\u00e9cision de nos laboratoires de proth\u00e8se uniquement fran\u00e7ais, vous aurez des couronnes hautement esth\u00e9tiques compl\u00e8tement c\u00e9ramiques sans la bande sombre m\u00e9tallique disgracieuse vers la gencive.La transparence, la luminosit\u00e9, leur caract\u00e9risation et leur adaptation en font des \u00e9l\u00e9ments proth\u00e9tiques sur mesure hautement biocompatible.<\/p>\t\t\n\t\t\t\t<img loading=\"lazy\" decoding=\"async\" src=\"https:\/\/dr-frederic-roulant.chirurgiens-dentistes.fr\/wp-content\/uploads\/2022\/03\/Dentiste-Couronne-Tout-Ceramique.jpg\" alt=\"Dentiste-Couronne-Tout-C\u00e9ramique\" itemprop=\"image\" height=\"760\" width=\"1080\" title=\"Dentiste-Couronne-Tout-C\u00e9ramique\" onerror=\"this.style.display='none'\"  \/>\n\t\t<h1>\n\t\t\tBRIDGES, APPAREILS MOBILES PARTIEL OU COMPLET\n\t\t<\/h1>\n\t\t\t<p>Dans certaines situations ils font partie de notre arsenal th\u00e9rapeutique et rendent d&rsquo;excellents services sur le plan esth\u00e9tique et fonctionnel.Nous pouvons les stabiliser par un nombre limit\u00e9 d&rsquo;implants pour parfaire leur stabilisation.Souvent le m\u00e9tal peut \u00eatre probl\u00e9matique pour certains et de nouveaux mat\u00e9riaux peuvent tr\u00e8s favorablement le remplacer.<\/p>\t\t\n\t\t\t\t<img loading=\"lazy\" decoding=\"async\" src=\"https:\/\/dr-frederic-roulant.chirurgiens-dentistes.fr\/wp-content\/uploads\/2022\/03\/Dentiste-Bridges.jpg\" alt=\"Dentiste-Bridges\" itemprop=\"image\" height=\"760\" width=\"1080\" title=\"Dentiste-Bridges\" onerror=\"this.style.display='none'\"  \/>\n\t\t<h1>\n\t\t\tIMPLANTS EN SECTEUR ESTH\u00c9TIQUE\n\t\t<\/h1>\n\t\t\t<p>L&rsquo;int\u00e9gration esth\u00e9tique d&rsquo;un implant demande une bonne analyse et souvent une succession de gestes qui am\u00e8ne la couronne implanto-port\u00e9e \u00e0 ressembler \u00e0 sa voisine naturelle.L&rsquo;examen buccal, photo, radio 3D, mod\u00e8le d&rsquo;\u00e9tude, guide op\u00e9ratoire nous dirigera vers la plus belle solution (analyse b\u00e9n\u00e9fice\/risque).Une solution de temporisation vous permettra de garder une vie sociale pendant la dur\u00e9e de sa consolidation.<\/p>\t\t\n\t\t\t\t<img loading=\"lazy\" decoding=\"async\" src=\"https:\/\/dr-frederic-roulant.chirurgiens-dentistes.fr\/wp-content\/uploads\/2022\/03\/Dentiste-Implant-Secteur-Esthetique.jpg\" alt=\"Dentiste-Implant-Secteur-Esth\u00e9tique\" itemprop=\"image\" height=\"760\" width=\"1080\" title=\"Dentiste-Implant-Secteur-Esth\u00e9tique\" onerror=\"this.style.display='none'\"  \/>\n\t\t\t\t<img loading=\"lazy\" decoding=\"async\" src=\"https:\/\/dr-frederic-roulant.chirurgiens-dentistes.fr\/wp-content\/uploads\/2022\/02\/close-window.svg\" alt=\"close-window\" itemprop=\"image\" height=\"150\" width=\"150\" height=\"300\" width=\"300\" height=\"640\" width=\"640\" height=\"1\" width=\"1\" height=\"1\" width=\"1\" height=\"45\" width=\"44\" title=\"close-window\" onerror=\"this.style.display='none'\"  \/>\n\t\t<h1>\n\t\t\tINLAYS-ONLAYS\n\t\t<\/h1>\n\t\t\t<p>Lorsque le volume de tissu dentaire d\u00e9truit est important, les inlays et les onlays deviennent des alternatives int\u00e9ressantes aux reconstitutions r\u00e9alis\u00e9es traditionnellement \u00e0 base de \u00abplombages\u00bb ou de r\u00e9sines tout en permettant d&rsquo;\u00e9viter une couronne qui entraine un d\u00e9labrement plus important de la dent.<\/p>\t\t\n\t\t\t<a href=\"\" target=\"_self\" role=\"button\" rel=\"noopener\">\n\t\t\t\t\t\t\ten savoir plus\n\t\t\t\t\t<\/a>\n\t\t\t\t<img loading=\"lazy\" decoding=\"async\" src=\"https:\/\/dr-frederic-roulant.chirurgiens-dentistes.fr\/wp-content\/uploads\/2022\/03\/Dentiste-Inlay-Onlay.jpg\" alt=\"Dentiste-Inlay-Onlay\" itemprop=\"image\" height=\"760\" width=\"1080\" title=\"Dentiste-Inlay-Onlay\" onerror=\"this.style.display='none'\"  \/>\n\t\t<h1>\n\t\t\t\t\t\t\t\t\t\t\tUn inlay reconstitue l&rsquo;anatomie dentaire en comblant une cavit\u00e9 taill\u00e9e dans la dent.   L&rsquo;onlay int\u00e9resse aussi la surface occlusale (masticatoire) de la dent.\n\t\t<\/h1>\n\t\t<h1>\n\t\t\tAVANTAGES DES INLAYS-ONLAYS\n\t\t<\/h1>\n\t\t\t<p>Avantages des inlays-onlays :- Meilleure r\u00e9sistance m\u00e9canique que les reconstituions directes r\u00e9alis\u00e9es au cabinet dentaire par une meilleure r\u00e9partition des forces lors de la mastication<br \/>&#8211; Moins de d\u00e9labrement de la dent que par une couronne <br \/>&#8211; Meilleur point de contact avec les dents voisines <br \/>&#8211; Qualit\u00e9 de la jonction dent-mat\u00e9riau d&rsquo;obturation am\u00e9lior\u00e9e<\/p>\t\t\n\t\t\t\t<img loading=\"lazy\" decoding=\"async\" src=\"https:\/\/dr-frederic-roulant.chirurgiens-dentistes.fr\/wp-content\/uploads\/2022\/03\/Dentiste-Inlay-Onlay-VIDEO.gif\" alt=\"Dentiste-Inlay-Onlay-VIDEO\" itemprop=\"image\" height=\"260\" width=\"400\" title=\"Dentiste-Inlay-Onlay-VIDEO\" onerror=\"this.style.display='none'\"  \/>\n\t\t\t\t<img loading=\"lazy\" decoding=\"async\" src=\"https:\/\/dr-frederic-roulant.chirurgiens-dentistes.fr\/wp-content\/uploads\/2022\/02\/close-window.svg\" alt=\"close-window\" itemprop=\"image\" height=\"150\" width=\"150\" height=\"300\" width=\"300\" height=\"640\" width=\"640\" height=\"1\" width=\"1\" height=\"1\" width=\"1\" height=\"45\" width=\"44\" title=\"close-window\" onerror=\"this.style.display='none'\"  \/>\n\t\t<h1>\n\t\t\tHYGI\u00c8NE ET PR\u00c9VENTION\n\t\t<\/h1>\n\t\t\t<p>Des gestes simples permettent d&rsquo;assurer une bonne hygi\u00e8ne bucco-dentaire, d&rsquo;\u00e9viter les caries et de pr\u00e9venir les probl\u00e8mes parodontaux.<\/p>\t\t\n\t\t\t<a href=\"\" target=\"_self\" role=\"button\" rel=\"noopener\">\n\t\t\t\t\t\t\ten savoir plus\n\t\t\t\t\t<\/a>\n\t\t\t\t<img loading=\"lazy\" decoding=\"async\" src=\"https:\/\/dr-frederic-roulant.chirurgiens-dentistes.fr\/wp-content\/uploads\/2022\/01\/Dentoste-Hygiene-et-Prevention.jpg\" alt=\"Dentoste-Hygi\u00e8ne-et-Pr\u00e9vention\" itemprop=\"image\" height=\"760\" width=\"1080\" title=\"Dentoste-Hygi\u00e8ne-et-Pr\u00e9vention\" onerror=\"this.style.display='none'\"  \/>\n\t\t<h1>\n\t\t\tLA BROSSE \u00c0 DENTS\n\t\t<\/h1>\n\t\t\t<p>Utilisez une brosse \u00e0 dent souple, avec une t\u00eate de petite dimension pour acc\u00e9der \u00e0 tous les recoins de la bouche.Veillez \u00e0 avoir un brossage doux plut\u00f4t qu&rsquo;un brossage fort qui risquerait d&rsquo;ab\u00eemer \u00e9mail et gencives.Vous pouvez choisir une brosse \u00e0 dents manuelle ou \u00e9lectrique. Le plus important c&rsquo;est le brossage.Pratiquez au moins deux brossages par jour, matin et soir. En cas de maladie des gencives, vous pouvez privil\u00e9gier trois brossages quotidiens.Ne rien manger, ni boire (sauf de l&rsquo;eau), apr\u00e8s le brossage du soir.<\/p>\t\t\n\t\t\t\t<img loading=\"lazy\" decoding=\"async\" src=\"https:\/\/dr-frederic-roulant.chirurgiens-dentistes.fr\/wp-content\/uploads\/2022\/03\/Dentoste-Hygiene-et-Prevention-2.jpg\" alt=\"Dentoste-Hygi\u00e8ne-et-Pr\u00e9vention-2\" itemprop=\"image\" height=\"760\" width=\"1080\" title=\"Dentoste-Hygi\u00e8ne-et-Pr\u00e9vention-2\" onerror=\"this.style.display='none'\"  \/>\n\t\t<h1>\n\t\t\tLE BROSSAGE\n\t\t<\/h1>\n\t\t\t<p>Brossez toujours vos dents en faisant un mouvement de la gencive vers la dent. Au d\u00e9but du mouvement, les poils de la brosse doivent \u00eatre pos\u00e9s sur la gencive. Attention \u00e0 bien brosser toutes les faces des dents.Les brossettes interdentaires et le fil dentaire font partie int\u00e9grante du brossage. En effet, la brosse \u00e0 dents ne nettoie pas entre les dents. Une grande partie des probl\u00e8mes dentaires (caries, d\u00e9chaussements&#8230;) d\u00e9marre entre les dents puisque les bact\u00e9ries y stagnent.Si les espaces interdentaires sont trop \u00e9troits, les brossettes doivent \u00eatre remplac\u00e9es par du fil dentaire.La face externe de la langue est recouverte de bact\u00e9ries qui peuvent contribuer, notamment, \u00e0 une mauvaise haleine. Vous pouvez utiliser une brosse \u00e0 langue.\u00a0<\/p>\t\t\n\t\t\t\t<img loading=\"lazy\" decoding=\"async\" src=\"https:\/\/dr-frederic-roulant.chirurgiens-dentistes.fr\/wp-content\/uploads\/2022\/03\/Dentoste-Hygiene-et-Prevention-3.jpg\" alt=\"Dentoste-Hygi\u00e8ne-et-Pr\u00e9vention-3\" itemprop=\"image\" height=\"760\" width=\"1080\" title=\"Dentoste-Hygi\u00e8ne-et-Pr\u00e9vention-3\" onerror=\"this.style.display='none'\"  \/>\n\t\t<h1>\n\t\t\tEN COMPL\u00c9MENT\n\t\t<\/h1>\n\t\t\t<p>Les hydropulseurs sont \u00e0 utiliser en compl\u00e9ment de la brosse. Utiles pour enlever des d\u00e9bris alimentaires et faire un massage des gencives, ils ne remplacent en aucune fa\u00e7on la brosse \u00e0 dents, ni les brossettes interdentaires.Un dentifrice fluor\u00e9 peut vous prot\u00e9ger des caries. \u00c0 chaque \u00e2ge correspond un dosage en fluor. Dans certains cas, un dentifrice sp\u00e9cifique peut \u00eatre conseill\u00e9.Les bains de bouche antiseptiques ne doivent pas \u00eatre utilis\u00e9s quotidiennement en dehors des cures prescrites par le dentiste.Certains aliments sucr\u00e9s et acides (comme les sodas ou le citron) ab\u00eement fortement les dents. Les consommer avec mod\u00e9ration.<\/p>\t\t\n\t\t\t\t<img loading=\"lazy\" decoding=\"async\" src=\"https:\/\/dr-frederic-roulant.chirurgiens-dentistes.fr\/wp-content\/uploads\/2022\/01\/Dentoste-Hygiene-et-Prevention-4.jpg\" alt=\"Dentoste-Hygi\u00e8ne-et-Pr\u00e9vention-4\" itemprop=\"image\" height=\"760\" width=\"1080\" title=\"Dentoste-Hygi\u00e8ne-et-Pr\u00e9vention-4\" onerror=\"this.style.display='none'\"  \/>\n\n","protected":false},"excerpt":{"rendered":"<p>SOINS ET TRAITEMENTS La mise en place d&rsquo;actes dentaires demande beaucoup de douceur et d&rsquo;analyse. Chaque technique et chaque dur\u00e9e de soin sont choisis afin d&rsquo;\u00eatre les mieux support\u00e9s. COURONNES TOUT C\u00c9RAMIQUE Avec l&rsquo;\u00e9volution des mat\u00e9riaux, de nos techniques d&#8217;empreinte par scanner, et la pr\u00e9cision de nos laboratoires de proth\u00e8se uniquement fran\u00e7ais, vous aurez des [&hellip;]<\/p>\n","protected":false},"author":1,"featured_media":0,"parent":0,"menu_order":0,"comment_status":"closed","ping_status":"closed","template":"","meta":{"inline_featured_image":false,"footnotes":""},"class_list":["post-363","page","type-page","status-publish","hentry"],"yoast_head":"<!-- This site is optimized with the Yoast SEO plugin v21.7 - https:\/\/yoast.com\/wordpress\/plugins\/seo\/ -->\n<title>Soins dentaires &amp; traitements | Dr Fr\u00e9d\u00e9ric Roulant<\/title>\n<meta name=\"description\" content=\"La mise en place d\u2019actes dentaires demande beaucoup de douceur et d\u2019analyse : d\u00e9couvrez notre expertise et nos recommandations.\" \/>\n<meta name=\"robots\" content=\"index, follow, max-snippet:-1, max-image-preview:large, max-video-preview:-1\" \/>\n<link rel=\"canonical\" href=\"https:\/\/dr-frederic-roulant.chirurgiens-dentistes.fr\/fr\/soins-traitements\/\" \/>\n<meta property=\"og:locale\" content=\"fr_FR\" \/>\n<meta property=\"og:type\" content=\"article\" \/>\n<meta property=\"og:title\" content=\"Soins dentaires &amp; traitements | Dr Fr\u00e9d\u00e9ric Roulant\" \/>\n<meta property=\"og:description\" content=\"La mise en place d\u2019actes dentaires demande beaucoup de douceur et d\u2019analyse : d\u00e9couvrez notre expertise et nos recommandations.\" \/>\n<meta property=\"og:url\" content=\"https:\/\/dr-frederic-roulant.chirurgiens-dentistes.fr\/fr\/soins-traitements\/\" \/>\n<meta property=\"og:site_name\" content=\"Dr Roulant\" \/>\n<meta property=\"article:modified_time\" content=\"2022-05-30T09:28:04+00:00\" \/>\n<meta property=\"og:image\" content=\"https:\/\/dr-frederic-roulant.chirurgiens-dentistes.fr\/wp-content\/uploads\/2022\/03\/Dentiste-Couronne-Tout-Ceramique.jpg\" \/>\n<meta name=\"twitter:card\" content=\"summary_large_image\" \/>\n<meta name=\"twitter:label1\" content=\"Dur\u00e9e de lecture estim\u00e9e\" \/>\n\t<meta name=\"twitter:data1\" content=\"6 minutes\" \/>\n<script type=\"application\/ld+json\" class=\"yoast-schema-graph\">{\"@context\":\"https:\/\/schema.org\",\"@graph\":[{\"@type\":\"WebPage\",\"@id\":\"https:\/\/dr-frederic-roulant.chirurgiens-dentistes.fr\/fr\/soins-traitements\/\",\"url\":\"https:\/\/dr-frederic-roulant.chirurgiens-dentistes.fr\/fr\/soins-traitements\/\",\"name\":\"Soins dentaires & traitements | Dr Fr\u00e9d\u00e9ric Roulant\",\"isPartOf\":{\"@id\":\"https:\/\/dr-frederic-roulant.chirurgiens-dentistes.fr\/fr\/#website\"},\"datePublished\":\"2022-03-15T14:50:49+00:00\",\"dateModified\":\"2022-05-30T09:28:04+00:00\",\"description\":\"La mise en place d\u2019actes dentaires demande beaucoup de douceur et d\u2019analyse : d\u00e9couvrez notre expertise et nos recommandations.\",\"breadcrumb\":{\"@id\":\"https:\/\/dr-frederic-roulant.chirurgiens-dentistes.fr\/fr\/soins-traitements\/#breadcrumb\"},\"inLanguage\":\"fr-FR\",\"potentialAction\":[{\"@type\":\"ReadAction\",\"target\":[\"https:\/\/dr-frederic-roulant.chirurgiens-dentistes.fr\/fr\/soins-traitements\/\"]}]},{\"@type\":\"BreadcrumbList\",\"@id\":\"https:\/\/dr-frederic-roulant.chirurgiens-dentistes.fr\/fr\/soins-traitements\/#breadcrumb\",\"itemListElement\":[{\"@type\":\"ListItem\",\"position\":1,\"name\":\"Home\",\"item\":\"https:\/\/dr-frederic-roulant.chirurgiens-dentistes.fr\/fr\/\"},{\"@type\":\"ListItem\",\"position\":2,\"name\":\"SOINS ET TRAITEMENTS\"}]},{\"@type\":\"WebSite\",\"@id\":\"https:\/\/dr-frederic-roulant.chirurgiens-dentistes.fr\/fr\/#website\",\"url\":\"https:\/\/dr-frederic-roulant.chirurgiens-dentistes.fr\/fr\/\",\"name\":\"Dr Roulant\",\"description\":\"\",\"potentialAction\":[{\"@type\":\"SearchAction\",\"target\":{\"@type\":\"EntryPoint\",\"urlTemplate\":\"https:\/\/dr-frederic-roulant.chirurgiens-dentistes.fr\/fr\/?s={search_term_string}\"},\"query-input\":\"required name=search_term_string\"}],\"inLanguage\":\"fr-FR\"}]}<\/script>\n<!-- \/ Yoast SEO plugin. -->","yoast_head_json":{"title":"Soins dentaires & traitements | Dr Fr\u00e9d\u00e9ric Roulant","description":"La mise en place d\u2019actes dentaires demande beaucoup de douceur et d\u2019analyse : d\u00e9couvrez notre expertise et nos recommandations.","robots":{"index":"index","follow":"follow","max-snippet":"max-snippet:-1","max-image-preview":"max-image-preview:large","max-video-preview":"max-video-preview:-1"},"canonical":"https:\/\/dr-frederic-roulant.chirurgiens-dentistes.fr\/fr\/soins-traitements\/","og_locale":"fr_FR","og_type":"article","og_title":"Soins dentaires & traitements | Dr Fr\u00e9d\u00e9ric Roulant","og_description":"La mise en place d\u2019actes dentaires demande beaucoup de douceur et d\u2019analyse : d\u00e9couvrez notre expertise et nos recommandations.","og_url":"https:\/\/dr-frederic-roulant.chirurgiens-dentistes.fr\/fr\/soins-traitements\/","og_site_name":"Dr Roulant","article_modified_time":"2022-05-30T09:28:04+00:00","og_image":[{"url":"https:\/\/dr-frederic-roulant.chirurgiens-dentistes.fr\/wp-content\/uploads\/2022\/03\/Dentiste-Couronne-Tout-Ceramique.jpg"}],"twitter_card":"summary_large_image","twitter_misc":{"Dur\u00e9e de lecture estim\u00e9e":"6 minutes"},"schema":{"@context":"https:\/\/schema.org","@graph":[{"@type":"WebPage","@id":"https:\/\/dr-frederic-roulant.chirurgiens-dentistes.fr\/fr\/soins-traitements\/","url":"https:\/\/dr-frederic-roulant.chirurgiens-dentistes.fr\/fr\/soins-traitements\/","name":"Soins dentaires & traitements | Dr Fr\u00e9d\u00e9ric Roulant","isPartOf":{"@id":"https:\/\/dr-frederic-roulant.chirurgiens-dentistes.fr\/fr\/#website"},"datePublished":"2022-03-15T14:50:49+00:00","dateModified":"2022-05-30T09:28:04+00:00","description":"La mise en place d\u2019actes dentaires demande beaucoup de douceur et d\u2019analyse : d\u00e9couvrez notre expertise et nos recommandations.","breadcrumb":{"@id":"https:\/\/dr-frederic-roulant.chirurgiens-dentistes.fr\/fr\/soins-traitements\/#breadcrumb"},"inLanguage":"fr-FR","potentialAction":[{"@type":"ReadAction","target":["https:\/\/dr-frederic-roulant.chirurgiens-dentistes.fr\/fr\/soins-traitements\/"]}]},{"@type":"BreadcrumbList","@id":"https:\/\/dr-frederic-roulant.chirurgiens-dentistes.fr\/fr\/soins-traitements\/#breadcrumb","itemListElement":[{"@type":"ListItem","position":1,"name":"Home","item":"https:\/\/dr-frederic-roulant.chirurgiens-dentistes.fr\/fr\/"},{"@type":"ListItem","position":2,"name":"SOINS ET TRAITEMENTS"}]},{"@type":"WebSite","@id":"https:\/\/dr-frederic-roulant.chirurgiens-dentistes.fr\/fr\/#website","url":"https:\/\/dr-frederic-roulant.chirurgiens-dentistes.fr\/fr\/","name":"Dr Roulant","description":"","potentialAction":[{"@type":"SearchAction","target":{"@type":"EntryPoint","urlTemplate":"https:\/\/dr-frederic-roulant.chirurgiens-dentistes.fr\/fr\/?s={search_term_string}"},"query-input":"required name=search_term_string"}],"inLanguage":"fr-FR"}]}},"_links":{"self":[{"href":"https:\/\/dr-frederic-roulant.chirurgiens-dentistes.fr\/fr\/wp-json\/wp\/v2\/pages\/363","targetHints":{"allow":["GET"]}}],"collection":[{"href":"https:\/\/dr-frederic-roulant.chirurgiens-dentistes.fr\/fr\/wp-json\/wp\/v2\/pages"}],"about":[{"href":"https:\/\/dr-frederic-roulant.chirurgiens-dentistes.fr\/fr\/wp-json\/wp\/v2\/types\/page"}],"author":[{"embeddable":true,"href":"https:\/\/dr-frederic-roulant.chirurgiens-dentistes.fr\/fr\/wp-json\/wp\/v2\/users\/1"}],"replies":[{"embeddable":true,"href":"https:\/\/dr-frederic-roulant.chirurgiens-dentistes.fr\/fr\/wp-json\/wp\/v2\/comments?post=363"}],"version-history":[{"count":17,"href":"https:\/\/dr-frederic-roulant.chirurgiens-dentistes.fr\/fr\/wp-json\/wp\/v2\/pages\/363\/revisions"}],"predecessor-version":[{"id":510,"href":"https:\/\/dr-frederic-roulant.chirurgiens-dentistes.fr\/fr\/wp-json\/wp\/v2\/pages\/363\/revisions\/510"}],"wp:attachment":[{"href":"https:\/\/dr-frederic-roulant.chirurgiens-dentistes.fr\/fr\/wp-json\/wp\/v2\/media?parent=363"}],"curies":[{"name":"wp","href":"https:\/\/api.w.org\/{rel}","templated":true}]}}