{"id":347,"date":"2022-03-14T19:27:52","date_gmt":"2022-03-14T19:27:52","guid":{"rendered":"https:\/\/dr-frederic-roulant.chirurgiens-dentistes.fr\/?page_id=347"},"modified":"2022-05-12T17:16:56","modified_gmt":"2022-05-12T17:16:56","slug":"implantologie-greffes","status":"publish","type":"page","link":"https:\/\/dr-frederic-roulant.chirurgiens-dentistes.fr\/fr\/implantologie-greffes\/","title":{"rendered":"IMPLANTOLOGIE ET GREFFES"},"content":{"rendered":"\n\n\t\t<h1>\n\t\t\tIMPLANTOLOGIE ET GREFFES\n\t\t<\/h1>\n\t\t\t<p>L&rsquo;\u00e9volution des techniques a fait qu&rsquo;aujourd&rsquo;hui poser un implant est un acte simple et non douloureux. Quelques fois un renfort osseux et gingival est n\u00e9cessaire afin de parfaire le r\u00e9sultat \u00e0 tr\u00e8s long terme.<\/p>\t\t\n\t\t\t\t<img loading=\"lazy\" decoding=\"async\" src=\"https:\/\/dr-frederic-roulant.chirurgiens-dentistes.fr\/wp-content\/uploads\/2022\/02\/close-window.svg\" alt=\"close-window\" itemprop=\"image\" height=\"150\" width=\"150\" height=\"300\" width=\"300\" height=\"640\" width=\"640\" height=\"1\" width=\"1\" height=\"1\" width=\"1\" height=\"45\" width=\"44\" title=\"close-window\" onerror=\"this.style.display='none'\"  \/>\n\t\t<h1>\n\t\t\tIMPLANTOLOGIE\n\t\t\t\t\t\t\t\t\t\t\tImplant unitaire et implants multiples\n\t\t<\/h1>\n\t\t\t<p>Un implant est une racine artificielle, une sorte de petite vis plac\u00e9e dans l&rsquo;os sous anesth\u00e9sie locale et sans douleur.Apr\u00e8s une p\u00e9riode de consolidation, une couronne sera plac\u00e9e dessus pour remplacer la dent manquante sans ab\u00eemer les dents voisines.Il peut remplacer une seule dent interm\u00e9diaire ou plusieurs dents lorsqu&rsquo;il n&rsquo;existe plus d&rsquo;appui dentaire.<\/p>\t\t\n\t\t\t<a href=\"\" target=\"_self\" role=\"button\" rel=\"noopener\">\n\t\t\t\t\t\t\ten savoir plus\n\t\t\t\t\t<\/a>\n\t\t\t\t<img loading=\"lazy\" decoding=\"async\" src=\"https:\/\/dr-frederic-roulant.chirurgiens-dentistes.fr\/wp-content\/uploads\/2022\/03\/Dentiste-IMPLANTOLOGIE-Dr-Roulant-Nice.jpg\" alt=\"Dentiste-IMPLANTOLOGIE-Dr-Roulant-Nice\" itemprop=\"image\" height=\"759\" width=\"1079\" title=\"Dentiste-IMPLANTOLOGIE-Dr-Roulant-Nice\" onerror=\"this.style.display='none'\"  \/>\n\t\t<h1>\n\t\t\t\t\t\t\t\t\t\t\tLes implants peuvent soutenir une proth\u00e8se mobile en la rendant plus stable moins encombrante plus confortable\n\t\t<\/h1>\n\t\t<h1>\n\t\t\tPRISE EN CHARGE IMM\u00c9DIATE\n\t\t<\/h1>\n\t\t\t<p>Comme en chirurgie de la hanche il y a des cas o\u00f9 il est possible de repartir le jour m\u00eame avec ses dents fixes.Le plus souvent ce sont des cas de r\u00e9habilitation compl\u00e8te ou quelques fois en zone esth\u00e9tique avec une mise en esth\u00e9tique imm\u00e9diate.<\/p>\t\t\n\t\t\t\t<img loading=\"lazy\" decoding=\"async\" src=\"https:\/\/dr-frederic-roulant.chirurgiens-dentistes.fr\/wp-content\/uploads\/2022\/03\/Dentiste-IMPLANTOLOGIE-Cas-Complexe-Dr-Roulant-Nice.jpg\" alt=\"Dentiste-IMPLANTOLOGIE-Cas-Complexe-Dr-Roulant-Nice\" itemprop=\"image\" height=\"759\" width=\"1079\" title=\"Dentiste-IMPLANTOLOGIE-Cas-Complexe-Dr-Roulant-Nice\" onerror=\"this.style.display='none'\"  \/>\n\t\t<h1>\n\t\t\tCAS COMPLEXE\n\t\t<\/h1>\n\t\t\t<p>M\u00e2choire trop fine, sinus pro\u00e9minent, d\u00e9fauts verticaux et horizontaux; quelques fois l&rsquo;os r\u00e9siduel est trop faible et des chirurgies pr\u00e9alables sont \u00e0 envisager.Il s&rsquo;agit de greffe d&rsquo;apposition ou de comblement avec l&rsquo;os autologue pr\u00e9lev\u00e9 le plus souvent \u00e0 la mandibule ou de greffe de comblement d&rsquo;origine autologue ou h\u00e9t\u00e9rologue ou synth\u00e9tique.Un pr\u00e9l\u00e8vement sanguin est souvent r\u00e9alis\u00e9 afin d&rsquo;utiliser vos propres facteurs de croissance et de cicatrisation.<strong>Technique du Cabinet du DR Roulant<\/strong><\/p>\t\t\n\t\t\t\t<img loading=\"lazy\" decoding=\"async\" src=\"https:\/\/dr-frederic-roulant.chirurgiens-dentistes.fr\/wp-content\/uploads\/2022\/03\/Dentiste-IMPLANTOLOGIE-Cas-Complexe-Simplifie-Dr-Roulant-Nice.jpg\" alt=\"Dentiste-IMPLANTOLOGIE-Cas-Complexe-Simplifi\u00e9-Dr-Roulant-Nice\" itemprop=\"image\" height=\"759\" width=\"1079\" title=\"Dentiste-IMPLANTOLOGIE-Cas-Complexe-Simplifi\u00e9-Dr-Roulant-Nice\" onerror=\"this.style.display='none'\"  \/>\n\t\t<h1>\n\t\t\tCAS COMPLEXES SIMPLIFI\u00c9S\n\t\t<\/h1>\n\t\t\t<p>Avec l&rsquo;av\u00e8nement des nouvelles technologies d&rsquo;analyse 3D nous pouvons proposer des techniques plus simples sans recours \u00e0 ces greffes osseuses. Notamment, la mise en place de mini implants (preuves scientifiques) ou l&rsquo;utilisation de guides chirurgicaux tr\u00e8s sophistiqu\u00e9s.<\/p>\t\t\n\t\t<h1>\n\t\t\tLA TECHNIQUE FLAP LESS\n\t\t<\/h1>\n\t\t\t<p>Dans certains cas il est possible de poser l&rsquo;implant \u2028sans m\u00eame d\u00e9placer la gencive. Les suites sont quasi \u2028nulles et le temps d&rsquo;op\u00e9ration tr\u00e8s r\u00e9duit.<\/p>\t\t\n\t\t\t\t<img loading=\"lazy\" decoding=\"async\" src=\"https:\/\/dr-frederic-roulant.chirurgiens-dentistes.fr\/wp-content\/uploads\/2022\/03\/Dentiste-IMPLANTOLOGIE-Technique-Flap-Less-Dr-Roulant-Nice.jpg\" alt=\"Dentiste-IMPLANTOLOGIE-Technique-Flap-Less-Dr-Roulant-Nice\" itemprop=\"image\" height=\"759\" width=\"1079\" title=\"Dentiste-IMPLANTOLOGIE-Technique-Flap-Less-Dr-Roulant-Nice\" onerror=\"this.style.display='none'\"  \/>\n\t\t<h1>\n\t\t\tLES GREFFES OSSEUSES\n\t\t<\/h1>\n\t\t\t<p>La pose d&rsquo;un implant dentaire avec greffe osseuse revient \u00e0 ins\u00e9rer une racine artificielle dans l&rsquo;os de la m\u00e2choire du patient de fa\u00e7on \u00e0 pouvoir reconstruire une dent.Cet implant est une vis qui, en hauteur comme en largeur, doit avoir suffisamment de place pour assurer sa fonction.<\/p>\t\t\n\t\t\t\t<img loading=\"lazy\" decoding=\"async\" src=\"https:\/\/dr-frederic-roulant.chirurgiens-dentistes.fr\/wp-content\/uploads\/2022\/03\/Dentiste-Greffes-Osseuses-Dr-Roulant-Nice.jpg\" alt=\"Dentiste-Greffes-Osseuses-Dr-Roulant-Nice\" itemprop=\"image\" height=\"760\" width=\"1079\" title=\"Dentiste-Greffes-Osseuses-Dr-Roulant-Nice\" onerror=\"this.style.display='none'\"  \/>\n\t\t<h1>\n\t\t\tLA POSE DE DENTS\n\t\t\t\t\t\t\t\t\t\t\tEn imm\u00e9diat\n\t\t<\/h1>\n\t\t\t<p>La pose d&rsquo;une proth\u00e8se dentaire imm\u00e9diate remplit plusieurs fonctions. Comme son nom l&rsquo;indique, elle remplace imm\u00e9diatement les dents retir\u00e9es apr\u00e8s l&rsquo;extraction.Agissant un peu comme un pansement, elle emp\u00eache les saignements qui accompagnent naturellement cette op\u00e9ration et assure la protection de vos gencives pendant leur gu\u00e9rison.<\/p>\t\t\n\t\t\t\t<img loading=\"lazy\" decoding=\"async\" src=\"https:\/\/dr-frederic-roulant.chirurgiens-dentistes.fr\/wp-content\/uploads\/2022\/03\/Dentiste-La-Pose-De-Dent.gif\" alt=\"Dentiste-La-Pose-De-Dent\" itemprop=\"image\" height=\"416\" width=\"644\" title=\"Dentiste-La-Pose-De-Dent\" onerror=\"this.style.display='none'\"  \/>\n\n","protected":false},"excerpt":{"rendered":"<p>IMPLANTOLOGIE ET GREFFES L&rsquo;\u00e9volution des techniques a fait qu&rsquo;aujourd&rsquo;hui poser un implant est un acte simple et non douloureux. Quelques fois un renfort osseux et gingival est n\u00e9cessaire afin de parfaire le r\u00e9sultat \u00e0 tr\u00e8s long terme. IMPLANTOLOGIE Implant unitaire et implants multiples Un implant est une racine artificielle, une sorte de petite vis plac\u00e9e [&hellip;]<\/p>\n","protected":false},"author":1,"featured_media":0,"parent":0,"menu_order":0,"comment_status":"closed","ping_status":"closed","template":"","meta":{"inline_featured_image":false,"footnotes":""},"class_list":["post-347","page","type-page","status-publish","hentry"],"yoast_head":"<!-- This site is optimized with the Yoast SEO plugin v21.7 - https:\/\/yoast.com\/wordpress\/plugins\/seo\/ -->\n<title>Implants dentaires, chirurgie &amp; greffes osseuses | Dr Roulant dentiste<\/title>\n<meta name=\"description\" content=\"L\u2019\u00e9volution des techniques a fait qu\u2019aujourd&#039;hui poser un implant est un acte simple et non douloureux : d\u00e9couvrez comment\" \/>\n<meta name=\"robots\" content=\"index, follow, max-snippet:-1, max-image-preview:large, max-video-preview:-1\" \/>\n<link rel=\"canonical\" href=\"https:\/\/dr-frederic-roulant.chirurgiens-dentistes.fr\/fr\/implantologie-greffes\/\" \/>\n<meta property=\"og:locale\" content=\"fr_FR\" \/>\n<meta property=\"og:type\" content=\"article\" \/>\n<meta property=\"og:title\" content=\"Implants dentaires, chirurgie &amp; greffes osseuses | Dr Roulant dentiste\" \/>\n<meta property=\"og:description\" content=\"L\u2019\u00e9volution des techniques a fait qu\u2019aujourd&#039;hui poser un implant est un acte simple et non douloureux : d\u00e9couvrez comment\" \/>\n<meta property=\"og:url\" content=\"https:\/\/dr-frederic-roulant.chirurgiens-dentistes.fr\/fr\/implantologie-greffes\/\" \/>\n<meta property=\"og:site_name\" content=\"Dr Roulant\" \/>\n<meta property=\"article:modified_time\" content=\"2022-05-12T17:16:56+00:00\" \/>\n<meta property=\"og:image\" content=\"https:\/\/dr-frederic-roulant.chirurgiens-dentistes.fr\/wp-content\/uploads\/2022\/02\/close-window.svg\" \/>\n<meta name=\"twitter:card\" content=\"summary_large_image\" \/>\n<meta name=\"twitter:label1\" content=\"Dur\u00e9e de lecture estim\u00e9e\" \/>\n\t<meta name=\"twitter:data1\" content=\"4 minutes\" \/>\n<script type=\"application\/ld+json\" class=\"yoast-schema-graph\">{\"@context\":\"https:\/\/schema.org\",\"@graph\":[{\"@type\":\"WebPage\",\"@id\":\"https:\/\/dr-frederic-roulant.chirurgiens-dentistes.fr\/fr\/implantologie-greffes\/\",\"url\":\"https:\/\/dr-frederic-roulant.chirurgiens-dentistes.fr\/fr\/implantologie-greffes\/\",\"name\":\"Implants dentaires, chirurgie & greffes osseuses | Dr Roulant dentiste\",\"isPartOf\":{\"@id\":\"https:\/\/dr-frederic-roulant.chirurgiens-dentistes.fr\/fr\/#website\"},\"datePublished\":\"2022-03-14T19:27:52+00:00\",\"dateModified\":\"2022-05-12T17:16:56+00:00\",\"description\":\"L\u2019\u00e9volution des techniques a fait qu\u2019aujourd'hui poser un implant est un acte simple et non douloureux : d\u00e9couvrez comment\",\"breadcrumb\":{\"@id\":\"https:\/\/dr-frederic-roulant.chirurgiens-dentistes.fr\/fr\/implantologie-greffes\/#breadcrumb\"},\"inLanguage\":\"fr-FR\",\"potentialAction\":[{\"@type\":\"ReadAction\",\"target\":[\"https:\/\/dr-frederic-roulant.chirurgiens-dentistes.fr\/fr\/implantologie-greffes\/\"]}]},{\"@type\":\"BreadcrumbList\",\"@id\":\"https:\/\/dr-frederic-roulant.chirurgiens-dentistes.fr\/fr\/implantologie-greffes\/#breadcrumb\",\"itemListElement\":[{\"@type\":\"ListItem\",\"position\":1,\"name\":\"Home\",\"item\":\"https:\/\/dr-frederic-roulant.chirurgiens-dentistes.fr\/fr\/\"},{\"@type\":\"ListItem\",\"position\":2,\"name\":\"IMPLANTOLOGIE ET GREFFES\"}]},{\"@type\":\"WebSite\",\"@id\":\"https:\/\/dr-frederic-roulant.chirurgiens-dentistes.fr\/fr\/#website\",\"url\":\"https:\/\/dr-frederic-roulant.chirurgiens-dentistes.fr\/fr\/\",\"name\":\"Dr Roulant\",\"description\":\"\",\"potentialAction\":[{\"@type\":\"SearchAction\",\"target\":{\"@type\":\"EntryPoint\",\"urlTemplate\":\"https:\/\/dr-frederic-roulant.chirurgiens-dentistes.fr\/fr\/?s={search_term_string}\"},\"query-input\":\"required name=search_term_string\"}],\"inLanguage\":\"fr-FR\"}]}<\/script>\n<!-- \/ Yoast SEO plugin. -->","yoast_head_json":{"title":"Implants dentaires, chirurgie & greffes osseuses | Dr Roulant dentiste","description":"L\u2019\u00e9volution des techniques a fait qu\u2019aujourd'hui poser un implant est un acte simple et non douloureux : d\u00e9couvrez comment","robots":{"index":"index","follow":"follow","max-snippet":"max-snippet:-1","max-image-preview":"max-image-preview:large","max-video-preview":"max-video-preview:-1"},"canonical":"https:\/\/dr-frederic-roulant.chirurgiens-dentistes.fr\/fr\/implantologie-greffes\/","og_locale":"fr_FR","og_type":"article","og_title":"Implants dentaires, chirurgie & greffes osseuses | Dr Roulant dentiste","og_description":"L\u2019\u00e9volution des techniques a fait qu\u2019aujourd'hui poser un implant est un acte simple et non douloureux : d\u00e9couvrez comment","og_url":"https:\/\/dr-frederic-roulant.chirurgiens-dentistes.fr\/fr\/implantologie-greffes\/","og_site_name":"Dr Roulant","article_modified_time":"2022-05-12T17:16:56+00:00","og_image":[{"url":"https:\/\/dr-frederic-roulant.chirurgiens-dentistes.fr\/wp-content\/uploads\/2022\/02\/close-window.svg"}],"twitter_card":"summary_large_image","twitter_misc":{"Dur\u00e9e de lecture estim\u00e9e":"4 minutes"},"schema":{"@context":"https:\/\/schema.org","@graph":[{"@type":"WebPage","@id":"https:\/\/dr-frederic-roulant.chirurgiens-dentistes.fr\/fr\/implantologie-greffes\/","url":"https:\/\/dr-frederic-roulant.chirurgiens-dentistes.fr\/fr\/implantologie-greffes\/","name":"Implants dentaires, chirurgie & greffes osseuses | Dr Roulant dentiste","isPartOf":{"@id":"https:\/\/dr-frederic-roulant.chirurgiens-dentistes.fr\/fr\/#website"},"datePublished":"2022-03-14T19:27:52+00:00","dateModified":"2022-05-12T17:16:56+00:00","description":"L\u2019\u00e9volution des techniques a fait qu\u2019aujourd'hui poser un implant est un acte simple et non douloureux : d\u00e9couvrez comment","breadcrumb":{"@id":"https:\/\/dr-frederic-roulant.chirurgiens-dentistes.fr\/fr\/implantologie-greffes\/#breadcrumb"},"inLanguage":"fr-FR","potentialAction":[{"@type":"ReadAction","target":["https:\/\/dr-frederic-roulant.chirurgiens-dentistes.fr\/fr\/implantologie-greffes\/"]}]},{"@type":"BreadcrumbList","@id":"https:\/\/dr-frederic-roulant.chirurgiens-dentistes.fr\/fr\/implantologie-greffes\/#breadcrumb","itemListElement":[{"@type":"ListItem","position":1,"name":"Home","item":"https:\/\/dr-frederic-roulant.chirurgiens-dentistes.fr\/fr\/"},{"@type":"ListItem","position":2,"name":"IMPLANTOLOGIE ET GREFFES"}]},{"@type":"WebSite","@id":"https:\/\/dr-frederic-roulant.chirurgiens-dentistes.fr\/fr\/#website","url":"https:\/\/dr-frederic-roulant.chirurgiens-dentistes.fr\/fr\/","name":"Dr Roulant","description":"","potentialAction":[{"@type":"SearchAction","target":{"@type":"EntryPoint","urlTemplate":"https:\/\/dr-frederic-roulant.chirurgiens-dentistes.fr\/fr\/?s={search_term_string}"},"query-input":"required name=search_term_string"}],"inLanguage":"fr-FR"}]}},"_links":{"self":[{"href":"https:\/\/dr-frederic-roulant.chirurgiens-dentistes.fr\/fr\/wp-json\/wp\/v2\/pages\/347","targetHints":{"allow":["GET"]}}],"collection":[{"href":"https:\/\/dr-frederic-roulant.chirurgiens-dentistes.fr\/fr\/wp-json\/wp\/v2\/pages"}],"about":[{"href":"https:\/\/dr-frederic-roulant.chirurgiens-dentistes.fr\/fr\/wp-json\/wp\/v2\/types\/page"}],"author":[{"embeddable":true,"href":"https:\/\/dr-frederic-roulant.chirurgiens-dentistes.fr\/fr\/wp-json\/wp\/v2\/users\/1"}],"replies":[{"embeddable":true,"href":"https:\/\/dr-frederic-roulant.chirurgiens-dentistes.fr\/fr\/wp-json\/wp\/v2\/comments?post=347"}],"version-history":[{"count":18,"href":"https:\/\/dr-frederic-roulant.chirurgiens-dentistes.fr\/fr\/wp-json\/wp\/v2\/pages\/347\/revisions"}],"predecessor-version":[{"id":506,"href":"https:\/\/dr-frederic-roulant.chirurgiens-dentistes.fr\/fr\/wp-json\/wp\/v2\/pages\/347\/revisions\/506"}],"wp:attachment":[{"href":"https:\/\/dr-frederic-roulant.chirurgiens-dentistes.fr\/fr\/wp-json\/wp\/v2\/media?parent=347"}],"curies":[{"name":"wp","href":"https:\/\/api.w.org\/{rel}","templated":true}]}}