{"id":313,"date":"2022-03-04T17:18:38","date_gmt":"2022-03-04T17:18:38","guid":{"rendered":"https:\/\/dr-frederic-roulant.chirurgiens-dentistes.fr\/?page_id=313"},"modified":"2022-08-08T09:59:22","modified_gmt":"2022-08-08T09:59:22","slug":"faq","status":"publish","type":"page","link":"https:\/\/dr-frederic-roulant.chirurgiens-dentistes.fr\/fr\/faq\/","title":{"rendered":"FAQ"},"content":{"rendered":"\n\n\t\t<h1>\n\t\t\tDES QUESTIONS ?\n\t\t<\/h1>\n\t\t\n\t\t<h2>\n\t\t\tChoisissez votre cat\u00e9gorie ci dessous\n\t\t<\/h2>\n\t\t<h1>\n\t\t\tRENDEZ-VOUS\n\t\t\t\t\t\t\t\t\t\t\tDisponibilit\u00e9s\n\t\t<\/h1>\n\t<p>Ponctualit\u00e9 et disponibilit\u00e9 sont les mots d&rsquo;ordre du cabinet.<\/p>\n<p>Organisez avec le secr\u00e9tariat de fa\u00e7on \u00e0 d\u00e9terminer le temps n\u00e9cessaire pour vous accueillir et vous installer pour les soins dans un moment qui vous convient le mieux.<\/p>\n<p>La mise en place des soins se fait plut\u00f4t sur des plages horaires longues de fa\u00e7on \u00e0 optimiser vos \u00a0traitements, avancer rapidement et \u00e0 vous prendre le moins de temps possible dans vos all\u00e9s et venus.<\/p>\n<p>Nous consid\u00e9rons les urgences au plus vite dans des moments qui leur sont destin\u00e9es.<\/p>\n\t\t<h1>\n\t\t\tOP\u00c9RATIONS (PR\u00c9 ET POST)\n\t\t\t\t\t\t\t\t\t\t\tConditions et pr\u00e9m\u00e9dication\n\t\t<\/h1>\n\t<p>Nous vous expliquerons le diagnostique ainsi que le traitement de fa\u00e7on pr\u00e9cise lors d&rsquo;un rendez-vous pr\u00e9vu \u00e0 cet effet.<\/p>\n<p>Le b\u00e9n\u00e9fice, risque sera \u00e9voqu\u00e9, les avantages et inconv\u00e9nients, ainsi que les alternatives. Nous serons l\u00e0 pour un \u00e9change sur vos \u00e9ventuelles questions.<\/p>\n<p>Une pr\u00e9m\u00e9dication est souvent n\u00e9cessaire, avec la mise en place d&rsquo;un calmant la veille et le matin m\u00eame, ceci vous demandera de vous faire accompagner et raccompagner du cabinet ce jour l\u00e0.<\/p>\n<p>&nbsp;<\/p>\n<p><strong><u>CONSEILS PRE<\/u><\/strong><strong><u>-OP<\/u><\/strong><strong><u>ERATOIRE<\/u><\/strong><strong> :<\/strong><\/p>\n<p><strong><u>Consentement<\/u><\/strong><\/p>\n<p>Assurez-vous d&rsquo;avoir bien re\u00e7u les informations concernant les avantages, les risques, les alternatives, le d\u00e9roulement des temps op\u00e9ratoires et le montant des honoraires.<\/p>\n<p>Bien souvent une prescription est donn\u00e9e en pr\u00e9op\u00e9ratoire, veuillez-vous procurer les m\u00e9dicaments et bien suivre les recommandations.<\/p>\n<p>Si une prise de sang est pr\u00e9vue, nous pr\u00e9venir d&rsquo;une \u00e9ventuelle difficult\u00e9.<\/p>\n<p>&nbsp;<\/p>\n<p><strong><u>Hygi\u00e8ne et alimentation<\/u><\/strong><\/p>\n<p>Il est conseill\u00e9 de se laver les cheveux la veille ou le matin m\u00eame.<\/p>\n<p>Pour les porteurs de moustache ou de barbe, il faudra vous raser.<\/p>\n<p>Arr\u00eat du tabac total si possible, sinon 2 \u00e0 3 semaines avant et reprise le plus tard possible 3 \u00e0 4 semaines apr\u00e8s. Veuillez ne pas vous maquiller le bas du visage en p\u00e9ribuccal car une d\u00e9sinfection aura lieu.<\/p>\n<p>Alimentez-vous comme d&rsquo;habitude le matin. R\u00e9duire votre dose de caf\u00e9.<\/p>\n<p>Pr\u00e9voyez une alimentation molle et froide les premiers jours (compote, yaourt, flan de l\u00e9gumes, glace).<\/p>\n<p>\u00c9vitez de manger des graines jusqu&rsquo;\u00e0 la d\u00e9pose des points.<\/p>\n<p>&nbsp;<\/p>\n<p><strong><u>Pour votre confort<\/u><\/strong><\/p>\n<p>Une tenue confortable est pr\u00e9f\u00e9rable, douillette et relativement chaude.<\/p>\n<p>Vous pouvez pr\u00e9voir un plaid pour le post op\u00e9ratoire car il existe une l\u00e9g\u00e8re hypothermie.<\/p>\n<p>Si vous vous sentez malade, fi\u00e9vreux, naus\u00e9eux veuillez nous pr\u00e9venir le plus t\u00f4t possible, un grand moment a \u00e9t\u00e9 r\u00e9serv\u00e9 pour vous.<\/p>\n<p>Pr\u00e9voir de ne pas aller \u00e0 la montagne dans les 72 h pour les interventions de sinus.<\/p>\n<p>Pr\u00e9parez \u00e0 la maison une poche de froid ou 2 gants humides au cong\u00e9lateur.<\/p>\n<p>Juste avant l&rsquo;intervention un petit passage aux toilettes vous sera propos\u00e9.<\/p>\n<p>&nbsp;<\/p>\n<p><strong><u>Trajet et repos<\/u><\/strong><\/p>\n<p>Pr\u00e9voyez de vous faire accompagner et r\u00e9cup\u00e9rer, selon intervention. Il est fortement recommand\u00e9 de se reposer le jour m\u00eame et d&rsquo;\u00e9viter de parler. Un arr\u00eat de travail de 3 jours est recommand\u00e9 pour certaines op\u00e9rations.<\/p>\n<p>Assurez-vous en arrivant avec la secr\u00e9taire, de la signature de tous les documents demand\u00e9s et pr\u00e9voyez le r\u00e8glement des honoraires du Docteur.<\/p>\n<p>&nbsp;<\/p>\n<p>&nbsp;<\/p>\n<p><strong><u>CONSEILS POST-OP\u00c9RATOIRE :<\/u><\/strong><\/p>\n<p><strong>\u00a0<\/strong><\/p>\n<p>Les interventions sont souvent suivies d&rsquo;une g\u00eane ou d&rsquo;un inconfort, des r\u00e8gles simples permettent de g\u00e9rer au mieux les suites op\u00e9ratoires.<\/p>\n<p>&nbsp;<\/p>\n<p><strong><u>Pour \u00e9viter d<\/u><\/strong><strong><u>&lsquo;<\/u><\/strong><strong><u>avoir mal<\/u><\/strong><\/p>\n<p>Prendre les antalgiques prescrits (comprim\u00e9s ou g\u00e9lules), pas d&rsquo;aspirine ou ses d\u00e9riv\u00e9s sinon vous risquez de saigner.<\/p>\n<p>&nbsp;<\/p>\n<p><strong><u>Pour \u00e9viter de gonfler<\/u><\/strong><\/p>\n<p>Utiliser une poche de froid (gla\u00e7ons dans sac cong\u00e9lation avec un sopalin autour) et poser la en regard de la zone op\u00e9r\u00e9e, 20 minutes toutes les 2 heures. S&rsquo;il y a un gonflement il commencera \u00e0 dispara\u00eetre entre le 3<sup>\u00e8<\/sup><sup>me<\/sup> et 7<sup>\u00e8<\/sup><sup>me<\/sup> suivant l&rsquo;intervention. Une ecchymose (un bleu) est possible suivant la fragilit\u00e9 capillaire de chacun (<u>utiliser <\/u><u>ARNICA GRANULE 9ch, HELICHRYSE en huile essentielle \u00e0 m\u00e9langer avec une cr\u00e8me neutre ou une huile v\u00e9g\u00e9tale ou HEMOCLAR, PROTEOCHOC de chez PiLeJe<\/u><u>&#8230;).<\/u><\/p>\n<p>&nbsp;<\/p>\n<p><strong><u>Pour \u00e9viter de saigner<\/u><\/strong><\/p>\n<p>Pas de bain de bouche le premier jour attendre 24 heures, ne pas prendre d&rsquo;aliments ou de boissons chaudes pendant 12H qui suivent l&rsquo;intervention Ne pas reprendre le sport avant 72H, en position allong\u00e9e maintenir la t\u00eate sur\u00e9lev\u00e9e sur un cousin.<\/p>\n<p>&nbsp;<\/p>\n<p><strong><u>En cas de saignement<\/u><\/strong><\/p>\n<p>Ne pas rincer, faire une pression avec une compresse st\u00e9rile humide 20 minutes sur la zone op\u00e9r\u00e9e, le saignement doit s&rsquo;arr\u00eater sinon t\u00e9l\u00e9phoner au praticien.<\/p>\n<p>&nbsp;<\/p>\n<p><strong><u>Alimentation<\/u><\/strong><\/p>\n<p>Liquide ou molle, \u00e9viter les aliments durs, plut\u00f4t fra\u00eeche ou ti\u00e8de, \u00e9viter le chaud, \u00e9viter les aliments piquants, irritants (vinaigre, fruit acide, gruy\u00e8re etc&#8230;) \u00e9viter les graines (pavots, quinoa, biscottes, les graines \u00e0 salade&#8230;) \u00e9viter les collants (chewing-gum).<\/p>\n<p>Ne pas manger sur le site de l&rsquo;intervention<\/p>\n<p>&nbsp;<\/p>\n<p><strong><u>Boissons<\/u><\/strong><\/p>\n<p>Pas de boissons alcoolis\u00e9es pendant toute la dur\u00e9e du traitement, pas de boissons chaudes pendant les premi\u00e8res 24h.<\/p>\n<p>&nbsp;<\/p>\n<p><strong><u>Tabac<\/u><\/strong> abstention pendant la cicatrisation.<\/p>\n<p>&nbsp;<\/p>\n<p><strong><u>Brossage<\/u><\/strong><\/p>\n<p>Ne pas toucher la zone op\u00e9r\u00e9e pendant les quinze jours puis \u00e9couvillonner avec un coton tige tremp\u00e9 dans le bain de bouche, apr\u00e8s d\u00e9pose des points utiliser une brosse \u00e0 dents post-op\u00e9ratoire 7 centi\u00e8mes pendant 2 \u00e0 3 semaines.<\/p>\n<p>&nbsp;<\/p>\n\t\t<h1>\n\t\t\tM\u00c9DICATIONS\n\t\t\t\t\t\t\t\t\t\t\tConditions et prescription\n\t\t<\/h1>\n\t<p>Lors de votre premi\u00e8re consultation sur le questionnaire m\u00e9dical et r\u00e9guli\u00e8rement lorsque les ann\u00e9es passent et que vos conditions de sant\u00e9 change nous nous inqui\u00e9tons de vos traitement g\u00e9n\u00e9raux et sommes r\u00e9guli\u00e8rement amen\u00e9s \u00e0 ret\u00e9l\u00e9phoner \u00e0 vos m\u00e9decins.<\/p>\n<p>Une analyse syst\u00e9matique des risques encourus est r\u00e9alis\u00e9e, douleur, gonflement, saignement adaptation cicatrisation&#8230;<\/p>\n<p>Une prescription est d\u00e9livr\u00e9e en pr\u00e9 ou post op\u00e9ratoire en tenant compte de votre \u00e9tat de sant\u00e9 g\u00e9n\u00e9rale (Hom\u00e9opathie allopathie huiles essentielles&#8230;)<\/p>\n\t\t<h1>\n\t\t\tDUR\u00c9E\n\t\t\t\t\t\t\t\t\t\t\tInterventions et r\u00e9alisations\n\t\t<\/h1>\n\t<p>\u00c0 l&rsquo;\u00e9tablissement du plan de traitement une estimation de la dur\u00e9e des interventions et de la r\u00e9alisation globale vous sera donn\u00e9e.<\/p>\n\t\t<h1>\n\t\t\tCO\u00dbTS\n\t\t\t\t\t\t\t\t\t\t\tAides et devis\n\t\t<\/h1>\n\t<p>Pour les soins courant, ils seront pris par la caisse d&rsquo;assurance maladie et votre compl\u00e9mentaire.<\/p>\n<p>Pour le reste, nous \u00e9tablissons syst\u00e9matiquement avant la r\u00e9alisation de traitement plus important un devis, qui vous laissera le loisir de le soumettre \u00e0 votre compl\u00e9mentaire si vous avez besoin de conna\u00eetre le reste \u00e0 charge pr\u00e9cis.<\/p>\n<p>Le secr\u00e9tariat est l\u00e0 pour vous aider dans cette d\u00e9marche. Un \u00e9ch\u00e9ancier peut \u00eatre envisag\u00e9 pour l&rsquo;\u00e9talement de votre reste \u00e0 charge.<\/p>\n\t\t<h1>\n\t\t\tMAT\u00c9RIAUX\n\t\t\t\t\t\t\t\t\t\t\tAttentions et solutions\n\t\t<\/h1>\n\tNous n&rsquo;utilisons presque plus de m\u00e9taux dans nos r\u00e9alisations cosm\u00e9tiques<br \/>\net recherchons des alternatives possible.\n<p>Nous portons \u00e0 chaque instant autant d&rsquo;attention sur les composites Nanocharges (sansbisgma), les diff\u00e9rentes bio c\u00e9ramiques hautement biocimpatibles, les proth\u00e8ses de fabrication fran\u00e7aise, les anesth\u00e9siques sans conservateur etc.<\/p>\n<p>Nous \u00e9vitons le m\u00e9tal sur les appareils dentaire tout en conservant leur solidit\u00e9 avec un mat\u00e9riaux PEEK.<\/p>\nLes implants sont la plus part du temps en titane \u00ab\u00a0pure\u00a0\u00bb mais une alternative<br \/>\nen c\u00e9ramique est quelques fois possible.\n\t\t<h1>\n\t\t\tDOULEURS\n\t\t\t\t\t\t\t\t\t\t\tProtocole et confort\n\t\t<\/h1>\n\t<p>Une analyse syst\u00e9matique des risques encourus, douleur, inflammation, saignement est r\u00e9alis\u00e9e et une prescription adapt\u00e9e est d\u00e9livr\u00e9e avec les conseils de notre \u00e9quipe. Allopathie , hom\u00e9opathie et huiles essentielles.<\/p>\nNous choisissons le protocole le plus apte pour votre confort et bien \u00eatre.<br \/>\nUn soutien tr\u00e8s attentif de notre \u00e9quipe vous aidera.\n<p>La bonne compliance \u00e0 la m\u00e9dication et aux conseils vous m\u00e9nagerons dans une zone\u00a0confortable.<\/p>\n\t\t<h1>\n\t\t\tRISQUES\n\t\t\t\t\t\t\t\t\t\t\tPr\u00e9cisions et alternatives\n\t\t<\/h1>\n\t<p>Chaque intervention peut en pr\u00e9senter, la pr\u00e9cision du diagnostique\u2028et de la r\u00e9alisation du traitement les minimiseront.<\/p>\n<p>Ils sont abord\u00e9s avant les op\u00e9rations, et s&rsquo;ils semblent trop grand une alternative sera choisie.<\/p>\n\t\t<h1>\n\t\t\tMAINTENANCE\n\t\t\t\t\t\t\t\t\t\t\tInformation et \u00e9volution\n\t\t<\/h1>\n\t<p>Vous serez inform\u00e9s de la fr\u00e9quence des contr\u00f4les afin de maintenir une stabilit\u00e9 de la sant\u00e9 obtenue de votre bouche.<\/p>\n<p>Une maintenance parodontale ou occlusale est le plus souvent programm\u00e9e pour l&rsquo;ann\u00e9e, en raison de 1, 2, 3 ou 4 rendez-vous et r\u00e9\u00e9valu\u00e9e en fonction de l&rsquo;\u00e9volution.<\/p>\n\t\t<h1>\n\t\t\tHYGI\u00c8NE\n\t\t\t\t\t\t\t\t\t\t\tEt asepsie\n\t\t<\/h1>\n\t<p>Nous exer\u00e7ons des r\u00e8gles strictes de pr\u00e9servation de l&rsquo;hygi\u00e8ne et de l&rsquo;asepsie, pour le bien-\u00eatre des patients, de l&rsquo;\u00e9quipe m\u00e9dicale et de l&rsquo;environnement.<\/p>\n<p>Pour la protection de tous, les \u00e9quipements et mat\u00e9riel sont syst\u00e9matiquement nettoy\u00e9s, d\u00e9sinfect\u00e9s et st\u00e9rilis\u00e9s. Le personnel est \u00e9galement tr\u00e8s attentif au respect de l&rsquo;environnement dans ses proc\u00e9dures quotidiennes.<\/p>\n\n","protected":false},"excerpt":{"rendered":"<p>DES QUESTIONS ? Choisissez votre cat\u00e9gorie ci dessous RENDEZ-VOUS Disponibilit\u00e9s Ponctualit\u00e9 et disponibilit\u00e9 sont les mots d&rsquo;ordre du cabinet. Organisez avec le secr\u00e9tariat de fa\u00e7on \u00e0 d\u00e9terminer le temps n\u00e9cessaire pour vous accueillir et vous installer pour les soins dans un moment qui vous convient le mieux. La mise en place des soins se fait [&hellip;]<\/p>\n","protected":false},"author":1,"featured_media":0,"parent":0,"menu_order":0,"comment_status":"closed","ping_status":"closed","template":"","meta":{"inline_featured_image":false,"footnotes":""},"class_list":["post-313","page","type-page","status-publish","hentry"],"yoast_head":"<!-- This site is optimized with the Yoast SEO plugin v21.7 - https:\/\/yoast.com\/wordpress\/plugins\/seo\/ -->\n<title>FAQ - Questions Fr\u00e9quentes - Dr Fr\u00e9d\u00e9ric Roulant<\/title>\n<meta name=\"description\" content=\"D\u00e9couvrez les r\u00e9ponses du Dr Fr\u00e9d\u00e9ric Roulant aux questions les plus fr\u00e9quentes qui nous sont pos\u00e9es et contactez-nous\" \/>\n<meta name=\"robots\" content=\"index, follow, max-snippet:-1, max-image-preview:large, max-video-preview:-1\" \/>\n<link rel=\"canonical\" href=\"https:\/\/dr-frederic-roulant.chirurgiens-dentistes.fr\/fr\/faq\/\" \/>\n<meta property=\"og:locale\" content=\"fr_FR\" \/>\n<meta property=\"og:type\" content=\"article\" \/>\n<meta property=\"og:title\" content=\"FAQ - Questions Fr\u00e9quentes - Dr Fr\u00e9d\u00e9ric Roulant\" \/>\n<meta property=\"og:description\" content=\"D\u00e9couvrez les r\u00e9ponses du Dr Fr\u00e9d\u00e9ric Roulant aux questions les plus fr\u00e9quentes qui nous sont pos\u00e9es et contactez-nous\" \/>\n<meta property=\"og:url\" content=\"https:\/\/dr-frederic-roulant.chirurgiens-dentistes.fr\/fr\/faq\/\" \/>\n<meta property=\"og:site_name\" content=\"Dr Roulant\" \/>\n<meta property=\"article:modified_time\" content=\"2022-08-08T09:59:22+00:00\" \/>\n<meta name=\"twitter:card\" content=\"summary_large_image\" \/>\n<meta name=\"twitter:label1\" content=\"Dur\u00e9e de lecture estim\u00e9e\" \/>\n\t<meta name=\"twitter:data1\" content=\"3 minutes\" \/>\n<script type=\"application\/ld+json\" class=\"yoast-schema-graph\">{\"@context\":\"https:\/\/schema.org\",\"@graph\":[{\"@type\":\"WebPage\",\"@id\":\"https:\/\/dr-frederic-roulant.chirurgiens-dentistes.fr\/fr\/faq\/\",\"url\":\"https:\/\/dr-frederic-roulant.chirurgiens-dentistes.fr\/fr\/faq\/\",\"name\":\"FAQ - Questions Fr\u00e9quentes - Dr Fr\u00e9d\u00e9ric Roulant\",\"isPartOf\":{\"@id\":\"https:\/\/dr-frederic-roulant.chirurgiens-dentistes.fr\/fr\/#website\"},\"datePublished\":\"2022-03-04T17:18:38+00:00\",\"dateModified\":\"2022-08-08T09:59:22+00:00\",\"description\":\"D\u00e9couvrez les r\u00e9ponses du Dr Fr\u00e9d\u00e9ric Roulant aux questions les plus fr\u00e9quentes qui nous sont pos\u00e9es et contactez-nous\",\"breadcrumb\":{\"@id\":\"https:\/\/dr-frederic-roulant.chirurgiens-dentistes.fr\/fr\/faq\/#breadcrumb\"},\"inLanguage\":\"fr-FR\",\"potentialAction\":[{\"@type\":\"ReadAction\",\"target\":[\"https:\/\/dr-frederic-roulant.chirurgiens-dentistes.fr\/fr\/faq\/\"]}]},{\"@type\":\"BreadcrumbList\",\"@id\":\"https:\/\/dr-frederic-roulant.chirurgiens-dentistes.fr\/fr\/faq\/#breadcrumb\",\"itemListElement\":[{\"@type\":\"ListItem\",\"position\":1,\"name\":\"Home\",\"item\":\"https:\/\/dr-frederic-roulant.chirurgiens-dentistes.fr\/fr\/\"},{\"@type\":\"ListItem\",\"position\":2,\"name\":\"FAQ\"}]},{\"@type\":\"WebSite\",\"@id\":\"https:\/\/dr-frederic-roulant.chirurgiens-dentistes.fr\/fr\/#website\",\"url\":\"https:\/\/dr-frederic-roulant.chirurgiens-dentistes.fr\/fr\/\",\"name\":\"Dr Roulant\",\"description\":\"\",\"potentialAction\":[{\"@type\":\"SearchAction\",\"target\":{\"@type\":\"EntryPoint\",\"urlTemplate\":\"https:\/\/dr-frederic-roulant.chirurgiens-dentistes.fr\/fr\/?s={search_term_string}\"},\"query-input\":\"required name=search_term_string\"}],\"inLanguage\":\"fr-FR\"}]}<\/script>\n<!-- \/ Yoast SEO plugin. -->","yoast_head_json":{"title":"FAQ - Questions Fr\u00e9quentes - Dr Fr\u00e9d\u00e9ric Roulant","description":"D\u00e9couvrez les r\u00e9ponses du Dr Fr\u00e9d\u00e9ric Roulant aux questions les plus fr\u00e9quentes qui nous sont pos\u00e9es et contactez-nous","robots":{"index":"index","follow":"follow","max-snippet":"max-snippet:-1","max-image-preview":"max-image-preview:large","max-video-preview":"max-video-preview:-1"},"canonical":"https:\/\/dr-frederic-roulant.chirurgiens-dentistes.fr\/fr\/faq\/","og_locale":"fr_FR","og_type":"article","og_title":"FAQ - Questions Fr\u00e9quentes - Dr Fr\u00e9d\u00e9ric Roulant","og_description":"D\u00e9couvrez les r\u00e9ponses du Dr Fr\u00e9d\u00e9ric Roulant aux questions les plus fr\u00e9quentes qui nous sont pos\u00e9es et contactez-nous","og_url":"https:\/\/dr-frederic-roulant.chirurgiens-dentistes.fr\/fr\/faq\/","og_site_name":"Dr Roulant","article_modified_time":"2022-08-08T09:59:22+00:00","twitter_card":"summary_large_image","twitter_misc":{"Dur\u00e9e de lecture estim\u00e9e":"3 minutes"},"schema":{"@context":"https:\/\/schema.org","@graph":[{"@type":"WebPage","@id":"https:\/\/dr-frederic-roulant.chirurgiens-dentistes.fr\/fr\/faq\/","url":"https:\/\/dr-frederic-roulant.chirurgiens-dentistes.fr\/fr\/faq\/","name":"FAQ - Questions Fr\u00e9quentes - Dr Fr\u00e9d\u00e9ric Roulant","isPartOf":{"@id":"https:\/\/dr-frederic-roulant.chirurgiens-dentistes.fr\/fr\/#website"},"datePublished":"2022-03-04T17:18:38+00:00","dateModified":"2022-08-08T09:59:22+00:00","description":"D\u00e9couvrez les r\u00e9ponses du Dr Fr\u00e9d\u00e9ric Roulant aux questions les plus fr\u00e9quentes qui nous sont pos\u00e9es et contactez-nous","breadcrumb":{"@id":"https:\/\/dr-frederic-roulant.chirurgiens-dentistes.fr\/fr\/faq\/#breadcrumb"},"inLanguage":"fr-FR","potentialAction":[{"@type":"ReadAction","target":["https:\/\/dr-frederic-roulant.chirurgiens-dentistes.fr\/fr\/faq\/"]}]},{"@type":"BreadcrumbList","@id":"https:\/\/dr-frederic-roulant.chirurgiens-dentistes.fr\/fr\/faq\/#breadcrumb","itemListElement":[{"@type":"ListItem","position":1,"name":"Home","item":"https:\/\/dr-frederic-roulant.chirurgiens-dentistes.fr\/fr\/"},{"@type":"ListItem","position":2,"name":"FAQ"}]},{"@type":"WebSite","@id":"https:\/\/dr-frederic-roulant.chirurgiens-dentistes.fr\/fr\/#website","url":"https:\/\/dr-frederic-roulant.chirurgiens-dentistes.fr\/fr\/","name":"Dr Roulant","description":"","potentialAction":[{"@type":"SearchAction","target":{"@type":"EntryPoint","urlTemplate":"https:\/\/dr-frederic-roulant.chirurgiens-dentistes.fr\/fr\/?s={search_term_string}"},"query-input":"required name=search_term_string"}],"inLanguage":"fr-FR"}]}},"_links":{"self":[{"href":"https:\/\/dr-frederic-roulant.chirurgiens-dentistes.fr\/fr\/wp-json\/wp\/v2\/pages\/313","targetHints":{"allow":["GET"]}}],"collection":[{"href":"https:\/\/dr-frederic-roulant.chirurgiens-dentistes.fr\/fr\/wp-json\/wp\/v2\/pages"}],"about":[{"href":"https:\/\/dr-frederic-roulant.chirurgiens-dentistes.fr\/fr\/wp-json\/wp\/v2\/types\/page"}],"author":[{"embeddable":true,"href":"https:\/\/dr-frederic-roulant.chirurgiens-dentistes.fr\/fr\/wp-json\/wp\/v2\/users\/1"}],"replies":[{"embeddable":true,"href":"https:\/\/dr-frederic-roulant.chirurgiens-dentistes.fr\/fr\/wp-json\/wp\/v2\/comments?post=313"}],"version-history":[{"count":31,"href":"https:\/\/dr-frederic-roulant.chirurgiens-dentistes.fr\/fr\/wp-json\/wp\/v2\/pages\/313\/revisions"}],"predecessor-version":[{"id":517,"href":"https:\/\/dr-frederic-roulant.chirurgiens-dentistes.fr\/fr\/wp-json\/wp\/v2\/pages\/313\/revisions\/517"}],"wp:attachment":[{"href":"https:\/\/dr-frederic-roulant.chirurgiens-dentistes.fr\/fr\/wp-json\/wp\/v2\/media?parent=313"}],"curies":[{"name":"wp","href":"https:\/\/api.w.org\/{rel}","templated":true}]}}