{"id":123,"date":"2022-01-26T13:47:21","date_gmt":"2022-01-26T13:47:21","guid":{"rendered":"https:\/\/dr-frederic-roulant.chirurgiens-dentistes.fr\/?page_id=123"},"modified":"2022-05-10T07:46:05","modified_gmt":"2022-05-10T07:46:05","slug":"covid-regles-sanitaires","status":"publish","type":"page","link":"https:\/\/dr-frederic-roulant.chirurgiens-dentistes.fr\/fr\/covid-regles-sanitaires\/","title":{"rendered":"Covid regles sanitaires"},"content":{"rendered":"\n<p>Le cabinet vous fournira :<\/p>\n\t\t\t\t\t\t\t\t\t                    <img decoding=\"async\" src=\"https:\/\/dr-frederic-roulant.chirurgiens-dentistes.fr\/wp-content\/uploads\/2022\/01\/surchaussures.svg\">\n\t\t\t\t\t\t<p>Des surchaussures<\/p>\t\t    \n\t\t\t\t\t\t\t\t\t                    <img decoding=\"async\" src=\"https:\/\/dr-frederic-roulant.chirurgiens-dentistes.fr\/wp-content\/uploads\/2022\/01\/surblouse.svg\">\n\t\t\t\t\t\t<p>Une surblouse<\/p>\t\t    \n\t\t\t\t\t\t\t\t\t                    <img decoding=\"async\" src=\"https:\/\/dr-frederic-roulant.chirurgiens-dentistes.fr\/wp-content\/uploads\/2022\/01\/charlotte.svg\">\n\t\t\t\t\t\t<p>Une charlotte<\/p>\t\t    \n\t\t\t\t\t\t\t\t\t                    <img decoding=\"async\" src=\"https:\/\/dr-frederic-roulant.chirurgiens-dentistes.fr\/wp-content\/uploads\/2022\/01\/temperature.svg\">\n\t\t\t\t\t\t<p>Prenez votre temp\u00e9rature r\u00e9guli\u00e8rement dans les jours pr\u00e9c\u00e9dant votre venue au cabinet<\/p>\t\t    \n\t\t\t\t\t\t\t\t\t                    <img decoding=\"async\" src=\"https:\/\/dr-frederic-roulant.chirurgiens-dentistes.fr\/wp-content\/uploads\/2022\/01\/stylo.svg\">\n\t\t\t\t\t\t<p>Munissez-vous d&rsquo;un stylo si vous \u2028avez des documents \u00e0 signer<\/p>\t\t    \n\t\t\t\t\t\t\t\t\t                    <img decoding=\"async\" src=\"https:\/\/dr-frederic-roulant.chirurgiens-dentistes.fr\/wp-content\/uploads\/2022\/01\/masque.svg\">\n\t\t\t\t\t\t<p>Le port du masque est obligatoire en entrant dans le cabinet. \u2028Le remettre d\u00e8s la fin \u2028de votre intervention<\/p>\t\t    \n\t\t\t\t\t\t\t\t\t                    <img decoding=\"async\" src=\"https:\/\/dr-frederic-roulant.chirurgiens-dentistes.fr\/wp-content\/uploads\/2022\/01\/alone.svg\">\n\t\t\t\t\t\t<p>Ne venez pas accompagn\u00e9<\/p>\t\t    \n\t\t\t\t\t\t\t\t\t                    <img decoding=\"async\" src=\"https:\/\/dr-frederic-roulant.chirurgiens-dentistes.fr\/wp-content\/uploads\/2022\/01\/message.svg\">\n\t\t\t\t\t\t<p>Pensez \u00e0 v\u00e9rifier si un message du cabinet vous a \u00e9t\u00e9 envoy\u00e9<\/p>\t\t    \n\t\t\t\t\t\t\t\t\t                    <img decoding=\"async\" src=\"https:\/\/dr-frederic-roulant.chirurgiens-dentistes.fr\/wp-content\/uploads\/2022\/01\/heure.svg\">\n\t\t\t\t\t\t<p>Arrivez \u00e0 l&rsquo;heure exacte \u2028(ni en avance, ni en retard)<\/p>\t\t    \n\t\t\t\t\t\t\t\t\t                    <img decoding=\"async\" src=\"https:\/\/dr-frederic-roulant.chirurgiens-dentistes.fr\/wp-content\/uploads\/2022\/01\/gel.svg\">\n\t\t\t\t\t\t<p>D\u00e9sinfection des mains au gel hydro-alcoolique \u2028\u00e0 votre arriv\u00e9e au cabinet<\/p>\t\t    \n\t\t\t\t\t\t\t\t\t                    <img decoding=\"async\" src=\"https:\/\/dr-frederic-roulant.chirurgiens-dentistes.fr\/wp-content\/uploads\/2022\/01\/gestes.svg\">\n\t\t\t\t\t\t<p>Ne pas serrer les mains<\/p>\n","protected":false},"excerpt":{"rendered":"<p>Le cabinet vous fournira : Des surchaussures Une surblouse Une charlotte Prenez votre temp\u00e9rature r\u00e9guli\u00e8rement dans les jours pr\u00e9c\u00e9dant votre venue au cabinet Munissez-vous d&rsquo;un stylo si vous \u2028avez des documents \u00e0 signer Le port du masque est obligatoire en entrant dans le cabinet. \u2028Le remettre d\u00e8s la fin \u2028de votre intervention Ne venez pas [&hellip;]<\/p>\n","protected":false},"author":1,"featured_media":0,"parent":0,"menu_order":0,"comment_status":"closed","ping_status":"closed","template":"","meta":{"inline_featured_image":false,"footnotes":""},"class_list":["post-123","page","type-page","status-publish","hentry"],"yoast_head":"<!-- This site is optimized with the Yoast SEO plugin v21.7 - https:\/\/yoast.com\/wordpress\/plugins\/seo\/ -->\n<title>Respect des r\u00e8gles et normes sanitaires &amp; Covid-19 | Dr Roulant<\/title>\n<meta name=\"description\" content=\"D\u00e9couvrez notre politique de respect des r\u00e8gles et normes sanitaires dans le cadre de l&#039;\u00e9pid\u00e9mie de Covid-19\" \/>\n<meta name=\"robots\" content=\"index, follow, max-snippet:-1, max-image-preview:large, max-video-preview:-1\" \/>\n<link rel=\"canonical\" href=\"https:\/\/dr-frederic-roulant.chirurgiens-dentistes.fr\/fr\/covid-regles-sanitaires\/\" \/>\n<meta property=\"og:locale\" content=\"fr_FR\" \/>\n<meta property=\"og:type\" content=\"article\" \/>\n<meta property=\"og:title\" content=\"Respect des r\u00e8gles et normes sanitaires &amp; Covid-19 | Dr Roulant\" \/>\n<meta property=\"og:description\" content=\"D\u00e9couvrez notre politique de respect des r\u00e8gles et normes sanitaires dans le cadre de l&#039;\u00e9pid\u00e9mie de Covid-19\" \/>\n<meta property=\"og:url\" content=\"https:\/\/dr-frederic-roulant.chirurgiens-dentistes.fr\/fr\/covid-regles-sanitaires\/\" \/>\n<meta property=\"og:site_name\" content=\"Dr Roulant\" \/>\n<meta property=\"article:modified_time\" content=\"2022-05-10T07:46:05+00:00\" \/>\n<meta property=\"og:image\" content=\"https:\/\/dr-frederic-roulant.chirurgiens-dentistes.fr\/wp-content\/uploads\/2022\/01\/surchaussures.svg\" \/>\n<meta name=\"twitter:card\" content=\"summary_large_image\" \/>\n<meta name=\"twitter:label1\" content=\"Dur\u00e9e de lecture estim\u00e9e\" \/>\n\t<meta name=\"twitter:data1\" content=\"3 minutes\" \/>\n<script type=\"application\/ld+json\" class=\"yoast-schema-graph\">{\"@context\":\"https:\/\/schema.org\",\"@graph\":[{\"@type\":\"WebPage\",\"@id\":\"https:\/\/dr-frederic-roulant.chirurgiens-dentistes.fr\/covid-regles-sanitaires\/\",\"url\":\"https:\/\/dr-frederic-roulant.chirurgiens-dentistes.fr\/covid-regles-sanitaires\/\",\"name\":\"Respect des r\u00e8gles et normes sanitaires & Covid-19 | Dr Roulant\",\"isPartOf\":{\"@id\":\"https:\/\/dr-frederic-roulant.chirurgiens-dentistes.fr\/fr\/#website\"},\"datePublished\":\"2022-01-26T13:47:21+00:00\",\"dateModified\":\"2022-05-10T07:46:05+00:00\",\"description\":\"D\u00e9couvrez notre politique de respect des r\u00e8gles et normes sanitaires dans le cadre de l'\u00e9pid\u00e9mie de Covid-19\",\"breadcrumb\":{\"@id\":\"https:\/\/dr-frederic-roulant.chirurgiens-dentistes.fr\/covid-regles-sanitaires\/#breadcrumb\"},\"inLanguage\":\"fr-FR\",\"potentialAction\":[{\"@type\":\"ReadAction\",\"target\":[\"https:\/\/dr-frederic-roulant.chirurgiens-dentistes.fr\/covid-regles-sanitaires\/\"]}]},{\"@type\":\"BreadcrumbList\",\"@id\":\"https:\/\/dr-frederic-roulant.chirurgiens-dentistes.fr\/covid-regles-sanitaires\/#breadcrumb\",\"itemListElement\":[{\"@type\":\"ListItem\",\"position\":1,\"name\":\"Home\",\"item\":\"https:\/\/dr-frederic-roulant.chirurgiens-dentistes.fr\/fr\/\"},{\"@type\":\"ListItem\",\"position\":2,\"name\":\"Covid regles sanitaires\"}]},{\"@type\":\"WebSite\",\"@id\":\"https:\/\/dr-frederic-roulant.chirurgiens-dentistes.fr\/fr\/#website\",\"url\":\"https:\/\/dr-frederic-roulant.chirurgiens-dentistes.fr\/fr\/\",\"name\":\"Dr Roulant\",\"description\":\"\",\"potentialAction\":[{\"@type\":\"SearchAction\",\"target\":{\"@type\":\"EntryPoint\",\"urlTemplate\":\"https:\/\/dr-frederic-roulant.chirurgiens-dentistes.fr\/fr\/?s={search_term_string}\"},\"query-input\":\"required name=search_term_string\"}],\"inLanguage\":\"fr-FR\"}]}<\/script>\n<!-- \/ Yoast SEO plugin. -->","yoast_head_json":{"title":"Respect des r\u00e8gles et normes sanitaires & Covid-19 | Dr Roulant","description":"D\u00e9couvrez notre politique de respect des r\u00e8gles et normes sanitaires dans le cadre de l'\u00e9pid\u00e9mie de Covid-19","robots":{"index":"index","follow":"follow","max-snippet":"max-snippet:-1","max-image-preview":"max-image-preview:large","max-video-preview":"max-video-preview:-1"},"canonical":"https:\/\/dr-frederic-roulant.chirurgiens-dentistes.fr\/fr\/covid-regles-sanitaires\/","og_locale":"fr_FR","og_type":"article","og_title":"Respect des r\u00e8gles et normes sanitaires & Covid-19 | Dr Roulant","og_description":"D\u00e9couvrez notre politique de respect des r\u00e8gles et normes sanitaires dans le cadre de l'\u00e9pid\u00e9mie de Covid-19","og_url":"https:\/\/dr-frederic-roulant.chirurgiens-dentistes.fr\/fr\/covid-regles-sanitaires\/","og_site_name":"Dr Roulant","article_modified_time":"2022-05-10T07:46:05+00:00","og_image":[{"url":"https:\/\/dr-frederic-roulant.chirurgiens-dentistes.fr\/wp-content\/uploads\/2022\/01\/surchaussures.svg"}],"twitter_card":"summary_large_image","twitter_misc":{"Dur\u00e9e de lecture estim\u00e9e":"3 minutes"},"schema":{"@context":"https:\/\/schema.org","@graph":[{"@type":"WebPage","@id":"https:\/\/dr-frederic-roulant.chirurgiens-dentistes.fr\/covid-regles-sanitaires\/","url":"https:\/\/dr-frederic-roulant.chirurgiens-dentistes.fr\/covid-regles-sanitaires\/","name":"Respect des r\u00e8gles et normes sanitaires & Covid-19 | Dr Roulant","isPartOf":{"@id":"https:\/\/dr-frederic-roulant.chirurgiens-dentistes.fr\/fr\/#website"},"datePublished":"2022-01-26T13:47:21+00:00","dateModified":"2022-05-10T07:46:05+00:00","description":"D\u00e9couvrez notre politique de respect des r\u00e8gles et normes sanitaires dans le cadre de l'\u00e9pid\u00e9mie de Covid-19","breadcrumb":{"@id":"https:\/\/dr-frederic-roulant.chirurgiens-dentistes.fr\/covid-regles-sanitaires\/#breadcrumb"},"inLanguage":"fr-FR","potentialAction":[{"@type":"ReadAction","target":["https:\/\/dr-frederic-roulant.chirurgiens-dentistes.fr\/covid-regles-sanitaires\/"]}]},{"@type":"BreadcrumbList","@id":"https:\/\/dr-frederic-roulant.chirurgiens-dentistes.fr\/covid-regles-sanitaires\/#breadcrumb","itemListElement":[{"@type":"ListItem","position":1,"name":"Home","item":"https:\/\/dr-frederic-roulant.chirurgiens-dentistes.fr\/fr\/"},{"@type":"ListItem","position":2,"name":"Covid regles sanitaires"}]},{"@type":"WebSite","@id":"https:\/\/dr-frederic-roulant.chirurgiens-dentistes.fr\/fr\/#website","url":"https:\/\/dr-frederic-roulant.chirurgiens-dentistes.fr\/fr\/","name":"Dr Roulant","description":"","potentialAction":[{"@type":"SearchAction","target":{"@type":"EntryPoint","urlTemplate":"https:\/\/dr-frederic-roulant.chirurgiens-dentistes.fr\/fr\/?s={search_term_string}"},"query-input":"required name=search_term_string"}],"inLanguage":"fr-FR"}]}},"_links":{"self":[{"href":"https:\/\/dr-frederic-roulant.chirurgiens-dentistes.fr\/fr\/wp-json\/wp\/v2\/pages\/123","targetHints":{"allow":["GET"]}}],"collection":[{"href":"https:\/\/dr-frederic-roulant.chirurgiens-dentistes.fr\/fr\/wp-json\/wp\/v2\/pages"}],"about":[{"href":"https:\/\/dr-frederic-roulant.chirurgiens-dentistes.fr\/fr\/wp-json\/wp\/v2\/types\/page"}],"author":[{"embeddable":true,"href":"https:\/\/dr-frederic-roulant.chirurgiens-dentistes.fr\/fr\/wp-json\/wp\/v2\/users\/1"}],"replies":[{"embeddable":true,"href":"https:\/\/dr-frederic-roulant.chirurgiens-dentistes.fr\/fr\/wp-json\/wp\/v2\/comments?post=123"}],"version-history":[{"count":34,"href":"https:\/\/dr-frederic-roulant.chirurgiens-dentistes.fr\/fr\/wp-json\/wp\/v2\/pages\/123\/revisions"}],"predecessor-version":[{"id":491,"href":"https:\/\/dr-frederic-roulant.chirurgiens-dentistes.fr\/fr\/wp-json\/wp\/v2\/pages\/123\/revisions\/491"}],"wp:attachment":[{"href":"https:\/\/dr-frederic-roulant.chirurgiens-dentistes.fr\/fr\/wp-json\/wp\/v2\/media?parent=123"}],"curies":[{"name":"wp","href":"https:\/\/api.w.org\/{rel}","templated":true}]}}